{"id":362,"date":"2021-09-24T20:55:32","date_gmt":"2021-09-24T18:55:32","guid":{"rendered":"https:\/\/conferencedustage-aac.com\/?page_id=362"},"modified":"2021-09-24T20:55:33","modified_gmt":"2021-09-24T18:55:33","slug":"premier-tour-de-la-conference-du-stage-2015-2016","status":"publish","type":"page","link":"https:\/\/conferencedustage-aac.com\/index.php\/premier-tour-de-la-conference-du-stage-2015-2016\/","title":{"rendered":"Premier tour de la Conf\u00e9rence du stage 2015 &#8211; 2016"},"content":{"rendered":"\n<p><strong>S\u00e9ance n\u00b0 1 : Lundi 23 novembre 2015 \u00e0 18 heures<\/strong><\/p>\n\n\n\n<p>\u00ab La personne illettr\u00e9e qui, souhaitant souscrire un engagement de caution, n\u2019est pas en<br>mesure de faire pr\u00e9c\u00e9der sa signature des mentions manuscrites exig\u00e9es par le code de la<br>consommation, peut-elle valablement s\u2019engager par acte sous seing priv\u00e9 ? \u00bb<\/p>\n\n\n\n<p>Cass. Civ. 1re, 9 juillet 2015, pourvoi n\u00b0 14-21.763, au Bulletin<\/p>\n\n\n\n<p>Rapporteur : Mme St\u00e9phanie Kurc<\/p>\n\n\n\n<p><strong>S\u00e9ance n\u00b0 2 : Lundi 30 novembre 2015 \u00e0 18 heures<\/strong><\/p>\n\n\n\n<p>\u00ab Le fait pour un officier de police judiciaire de placer en garde \u00e0 vue, pour des faits de<br>r\u00e9bellion et d\u2019outrage \u00e0 son encontre, un avocat assistant une personne elle-m\u00eame plac\u00e9e en<br>garde \u00e0 vue, m\u00e9conna\u00eet-il les droits et libert\u00e9s garantis par la Convention europ\u00e9enne des<br>droits de l\u2019Homme ? \u00bb<\/p>\n\n\n\n<p>CEDH, 23 avril 2015, Fran\u00e7ois c. France, req. n\u00b0 26690\/11<\/p>\n\n\n\n<p>Rapporteur : M. Sylvain Ravenne<\/p>\n\n\n\n<p><strong>S\u00e9ance n\u00b0 3 : Lundi 7 d\u00e9cembre 2015 \u00e0 18 heures<\/strong><\/p>\n\n\n\n<p>\u00ab Lors de l\u2019examen d\u2019une demande par une commission administrative \u00e0 caract\u00e8re<br>consultatif, la seule pr\u00e9sence dans la salle d\u2019un membre en situation de devoir s\u2019abstenir de<br>si\u00e9ger entache-t-elle la proc\u00e9dure d\u2019irr\u00e9gularit\u00e9, alors m\u00eame qu\u2019il n\u2019a particip\u00e9 ni aux d\u00e9bats<br>ni au vote ? \u00bb<\/p>\n\n\n\n<p>CE, 22 juillet 2015, req. n\u00b0 361.962, au Recueil<\/p>\n\n\n\n<p>Rapporteur : M. Gilles Merveilleux du Vignaux<\/p>\n\n\n\n<p><strong>S\u00e9ance n\u00b0 4 : Lundi 14 d\u00e9cembre 2015 \u00e0 18 heures<\/strong><\/p>\n\n\n\n<p>\u00ab Est-il interdit \u00e0 l\u2019employeur de consulter, en dehors de la pr\u00e9sence du salari\u00e9, les SMS<br>envoy\u00e9s ou re\u00e7us par ce dernier au moyen de son t\u00e9l\u00e9phone professionnel ? \u00bb<\/p>\n\n\n\n<p>Cass. Com., 10 f\u00e9vrier 2015, pourvoi n\u00b0 13-14.779, au Bulletin<\/p>\n\n\n\n<p>Rapporteur : M. Charles Pastor<\/p>\n\n\n\n<p><strong>S\u00e9ance n\u00b0 5 : Lundi 4 janvier 2016 \u00e0 18 heures<\/strong><\/p>\n\n\n\n<p>\u00ab Le d\u00e9tenteur de biens meubles indivis qui se les approprie ou en dispose \u00e0 l\u2019insu de ses<br>coindivisaires commet-il un vol au pr\u00e9judice de ces derniers ? \u00bb<\/p>\n\n\n\n<p>Cass. Crim., 12 mai 2015, pourvoi n\u00b0 13-87.668, au Bulletin<\/p>\n\n\n\n<p>Rapporteur : Mme St\u00e9phanie Kurc<\/p>\n\n\n\n<p><strong>S\u00e9ance n\u00b0 6 : Lundi 11 janvier 2016 \u00e0 18 heures<\/strong><\/p>\n\n\n\n<p>\u00ab Les cons\u00e9quences du manquement d\u2019un diagnostiqueur technique \u00e0 son obligation<br>d\u2019information envers l\u2019acqu\u00e9reur d\u2019un immeuble ne peuvent-elles s\u2019analyser qu\u2019en une perte<br>de chance ? \u00bb<\/p>\n\n\n\n<p>Cass. Mixte, 8 juillet 2015, pourvoi n\u00b0 13-26.686, au Bulletin<\/p>\n\n\n\n<p>Rapporteur : M. Sylvain Ravenne<\/p>\n\n\n\n<p><strong>S\u00e9ance n\u00b0 7 : Lundi 18 janvier 2016 \u00e0 18 heures<\/strong><\/p>\n\n\n\n<p>\u00ab La circonstance que la d\u00e9ch\u00e9ance de la nationalit\u00e9 pour actes de terrorisme ne puisse \u00eatre<br>prononc\u00e9e qu\u2019\u00e0 l\u2019encontre d\u2019une personne ayant acquis la nationalit\u00e9 fran\u00e7aise m\u00e9conna\u00eetelle<br>le principe d\u2019\u00e9galit\u00e9 ? \u00bb<\/p>\n\n\n\n<p>Cons. Const., 23 janvier 2015, d\u00e9cision n\u00b0 2014-439 QPC<\/p>\n\n\n\n<p>Rapporteur : M. Gilles Merveilleux du Vignaux<\/p>\n\n\n\n<p><strong>S\u00e9ance n\u00b0 8 : Lundi 25 janvier 2016 \u00e0 18 heures<\/strong><\/p>\n\n\n\n<p>\u00ab Est-il exclu que le t\u00e9l\u00e9chargement de donn\u00e9es informatiques sans le consentement de leur<br>propri\u00e9taire soit constitutif d\u2019un vol ? \u00bb<\/p>\n\n\n\n<p>Cass. Crim., 20 mai 2015, pourvoi n\u00b0 14-81.336, au Bulletin<\/p>\n\n\n\n<p>Rapporteur : M. Charles Pastor<\/p>\n\n\n\n<p><strong>S\u00e9ance n\u00b0 9 : Lundi 1er f\u00e9vrier 2016 \u00e0 18 heures<\/strong><\/p>\n\n\n\n<p>\u00ab Le placement, au cours d\u2019une mesure de garde \u00e0 vue, de deux personnes dans des cellules<br>contigu\u00ebs pr\u00e9alablement sonoris\u00e9es, de mani\u00e8re \u00e0 susciter des \u00e9changes qui seraient<br>enregistr\u00e9s \u00e0 leur insu, constitue-t-il un proc\u00e9d\u00e9 d\u00e9loyal d\u2019enqu\u00eate ? \u00bb<\/p>\n\n\n\n<p>Cass. Ass. Pl\u00e9n., 6 mars 2015, pourvoi n\u00b0 14-84.339, au Bulletin<\/p>\n\n\n\n<p>Rapporteur : Mme St\u00e9phanie Kurc<\/p>\n\n\n\n<p><strong>S\u00e9ance n\u00b0 10 : Lundi 8 f\u00e9vrier 2016 \u00e0 18 heures<\/strong><\/p>\n\n\n\n<p>\u00ab Les salari\u00e9s qui n\u2019ont inform\u00e9 leur employeur de leurs revendications professionnelles<br>qu\u2019au moment o\u00f9 celui-ci les a interrog\u00e9s sur les raisons du blocage des portes de<br>l\u2019entreprise peuvent-ils se pr\u00e9valoir de la protection attach\u00e9e au droit de gr\u00e8ve ? \u00bb<\/p>\n\n\n\n<p>Cass. Soc., 30 juin 2015, pourvoi n\u00b0 14-11.077, au Bulletin<\/p>\n\n\n\n<p>Rapporteur : M. Sylvain Ravenne<\/p>\n\n\n\n<p><strong>S\u00e9ance n\u00b0 11 : Lundi 15 f\u00e9vrier 2016 \u00e0 18 heures<\/strong><\/p>\n\n\n\n<p>\u00ab L\u2019interdiction faite aux distributeurs d\u2019eau d\u2019interrompre la distribution d\u2019eau dans toute<br>r\u00e9sidence principale tout au long de l\u2019ann\u00e9e pour non-paiement des factures m\u00e9conna\u00eet-elle<br>les droits et libert\u00e9s garantis par la Constitution ? \u00bb<\/p>\n\n\n\n<p>Cons. Const., 29 mai 2015, d\u00e9cision n\u00b0 2015-470 QPC<\/p>\n\n\n\n<p>Rapporteur : M. Gilles Merveilleux du Vignaux<\/p>\n\n\n\n<p><strong>S\u00e9ance n\u00b0 12 : Lundi 7 mars 2016 \u00e0 18 heures<\/strong><\/p>\n\n\n\n<p>\u00ab La personne ayant reni\u00e9 son bapt\u00eame peut-elle obtenir l\u2019effacement de la mention de celuici<br>du registre paroissial ? \u00bb<\/p>\n\n\n\n<p>Cass. Civ. 1re, 19 novembre 2014, pourvoi n\u00b0 13-25.156, au Bulletin<\/p>\n\n\n\n<p>Rapporteur : M. Charles Pastor<\/p>\n\n\n\n<p><strong>S\u00e9ance n\u00b0 13 : Lundi 14 mars 2016 \u00e0 18 heures<\/strong><\/p>\n\n\n\n<p>\u00ab La d\u00e9cision d\u2019un groupe de presse d\u2019effectuer une retenue de 50 % sur la r\u00e9mun\u00e9ration des<br>gr\u00e9vistes travaillant au sein de publications parues \u00e0 temps et une retenue de 100 % sur celle<br>des gr\u00e9vistes travaillant au sein de publications parues en retard est-elle conforme aux<br>principes r\u00e9gissant l\u2019exercice du droit de gr\u00e8ve ? \u00bb<\/p>\n\n\n\n<p>Cass. Soc., 9 juillet 2015, pourvoi n\u00b0 14-12.779, au Bulletin<\/p>\n\n\n\n<p>Rapporteur : Mme St\u00e9phanie Kurc<\/p>\n\n\n\n<p><strong>S\u00e9ance n\u00b0 14 : Lundi 21 mars 2016 \u00e0 18 heures<\/strong><\/p>\n\n\n\n<p>\u00ab L\u2019article 33 de la loi du 24 novembre 2009, qui confie \u00e0 l\u2019administration p\u00e9nitentiaire le<br>soin de d\u00e9terminer, par un acte d\u2019engagement, les droits et obligations professionnels, les<br>conditions de travail et la r\u00e9mun\u00e9ration de la personne d\u00e9tenue participant aux activit\u00e9s<br>professionnelles organis\u00e9es dans les \u00e9tablissements p\u00e9nitentiaires, m\u00e9conna\u00eet-il les droits et<br>libert\u00e9s garantis par la Constitution ? \u00bb<\/p>\n\n\n\n<p>Cons. Const., 25 septembre 2015, d\u00e9cision n\u00b0 2015-485 QPC<\/p>\n\n\n\n<p>Rapporteur : M. Sylvain Ravenne<\/p>\n\n\n\n<p><strong>S\u00e9ance n\u00b0 15 : Lundi 4 avril 2016 \u00e0 18 heures<\/strong><\/p>\n\n\n\n<p>\u00ab Un maire peut-il, sans commettre une ill\u00e9galit\u00e9 manifeste, refuser de faire usage de ses<br>pouvoirs de police pour mettre fin \u00e0 l\u2019exposition, dans la vitrine d\u2019une boulangerie, de<br>p\u00e2tisseries figurant des personnages de couleur noire pr\u00e9sent\u00e9s dans une attitude obsc\u00e8ne et<br>s\u2019inscrivant dans l\u2019iconographie colonialiste ? \u00bb<\/p>\n\n\n\n<p>CE, 16 avril 2015, req. n\u00b0 389.372, aux tables<\/p>\n\n\n\n<p>Rapporteur : M. Gilles Merveilleux du Vignaux<\/p>\n\n\n\n<p><strong>S\u00e9ance n\u00b0 16 : Lundi 11 avril 2016 \u00e0 14 heures 30<\/strong><\/p>\n\n\n\n<p>\u00ab La circonstance pour un homme d\u2019avoir eu des rapports sexuels avec un autre homme<br>justifie-t-elle une exclusion permanente du don de sang ? \u00bb<\/p>\n\n\n\n<p>CJUE, 29 avril 2015, Geoffrey L\u00e9ger c. ministre des affaires sociales, de la sant\u00e9 et des droits<br>des femmes et Etablissement fran\u00e7ais du sang, n\u00b0 C-528\/13<\/p>\n\n\n\n<p>Rapporteur : M. Charles Pastor<\/p>\n","protected":false},"excerpt":{"rendered":"<p>S\u00e9ance n\u00b0 1 : Lundi 23 novembre 2015 \u00e0 18 heures \u00ab La personne illettr\u00e9e qui, souhaitant souscrire un engagement de caution, n\u2019est pas enmesure de faire pr\u00e9c\u00e9der sa signature des mentions manuscrites exig\u00e9es par le code de laconsommation, peut-elle valablement s\u2019engager par acte sous seing priv\u00e9 ? \u00bb Cass. Civ. 1re, 9 juillet 2015, &#8230; <a title=\"Premier tour de la Conf\u00e9rence du stage 2015 &#8211; 2016\" class=\"read-more\" href=\"https:\/\/conferencedustage-aac.com\/index.php\/premier-tour-de-la-conference-du-stage-2015-2016\/\">Read more <span class=\"screen-reader-text\">Premier tour de la Conf\u00e9rence du stage 2015 &#8211; 2016<\/span><\/a><\/p>\n","protected":false},"author":2,"featured_media":0,"parent":0,"menu_order":0,"comment_status":"closed","ping_status":"closed","template":"","meta":[],"_links":{"self":[{"href":"https:\/\/conferencedustage-aac.com\/index.php\/wp-json\/wp\/v2\/pages\/362"}],"collection":[{"href":"https:\/\/conferencedustage-aac.com\/index.php\/wp-json\/wp\/v2\/pages"}],"about":[{"href":"https:\/\/conferencedustage-aac.com\/index.php\/wp-json\/wp\/v2\/types\/page"}],"author":[{"embeddable":true,"href":"https:\/\/conferencedustage-aac.com\/index.php\/wp-json\/wp\/v2\/users\/2"}],"replies":[{"embeddable":true,"href":"https:\/\/conferencedustage-aac.com\/index.php\/wp-json\/wp\/v2\/comments?post=362"}],"version-history":[{"count":1,"href":"https:\/\/conferencedustage-aac.com\/index.php\/wp-json\/wp\/v2\/pages\/362\/revisions"}],"predecessor-version":[{"id":363,"href":"https:\/\/conferencedustage-aac.com\/index.php\/wp-json\/wp\/v2\/pages\/362\/revisions\/363"}],"wp:attachment":[{"href":"https:\/\/conferencedustage-aac.com\/index.php\/wp-json\/wp\/v2\/media?parent=362"}],"curies":[{"name":"wp","href":"https:\/\/api.w.org\/{rel}","templated":true}]}}