{"id":390,"date":"2021-09-24T21:42:07","date_gmt":"2021-09-24T19:42:07","guid":{"rendered":"https:\/\/conferencedustage-aac.com\/?page_id=390"},"modified":"2025-10-07T11:12:25","modified_gmt":"2025-10-07T09:12:25","slug":"le-programme-2023-2024","status":"publish","type":"page","link":"https:\/\/conferencedustage-aac.com\/index.php\/le-programme-2023-2024\/","title":{"rendered":"LE PROGRAMME DU PREMIER TOUR 2025-2026"},"content":{"rendered":"\n<p class=\"has-text-align-center\"><strong><u>S\u00e9ance n\u00b0 1 \u2013 lundi 3 novembre 2025 \u00e0 18h<\/u><\/strong><\/p>\n\n\n\n<p class=\"has-text-align-left\"><em>Le propri\u00e9taire d\u2019un cheptel qui maintient son p\u00e2turage sur des parcelles dont il sait qu\u2019elles sont pollu\u00e9es commet-il une faute de nature \u00e0 r\u00e9duire son indemnisation&nbsp;?<\/em><\/p>\n\n\n\n<p>Cass., Civ. 3, 5 juin 2025, n\u00b0 23-23.775<\/p>\n\n\n\n<p>Rapporteure&nbsp;: Julia Rechtman<\/p>\n\n\n\n<p class=\"has-text-align-center\"><strong><u>S\u00e9ance n\u00b0 2 \u2013 lundi 10 novembre 2025 \u00e0 18h<\/u><\/strong><\/p>\n\n\n\n<p><em>L\u2019interpellation d\u2019un ressortissant \u00e9tranger, suspect\u00e9 d\u2019avoir commis une infraction, \u00e0 la suite de sa convocation \u00e0 la pr\u00e9fecture afin d\u2019\u00e9voquer sa situation administrative constitue-t-elle un stratag\u00e8me d\u00e9loyal portant atteinte aux droits de la personne interpell\u00e9e&nbsp;?<\/em><\/p>\n\n\n\n<p>Cass. crim., 7 janvier 2025, n\u00b0 23-85.753<\/p>\n\n\n\n<p>Rapporteur&nbsp;: Esteban Renaud<\/p>\n\n\n\n<p class=\"has-text-align-center\"><strong><u>S\u00e9ance n\u00b0 3 \u2013 lundi 17 novembre 2025 \u00e0 18h<\/u><\/strong><\/p>\n\n\n\n<p><em>Des t\u00e9moignages anonymes peuvent-ils constituer un mode de preuve recevable afin de justifier le licenciement pour faute grave d\u2019un salari\u00e9&nbsp;?<\/em>&nbsp;<\/p>\n\n\n\n<p>Cass. soc., 19 mars 2025, n\u00b0 23-19.154&nbsp;<\/p>\n\n\n\n<p>Rapporteur&nbsp;: Stanislas Julien-Steffens<\/p>\n\n\n\n<p class=\"has-text-align-center\"><strong><u>S\u00e9ance n\u00b0 4 \u2013 lundi 1<sup>er<\/sup>&nbsp;d\u00e9cembre 2025 \u00e0 18h<\/u><\/strong><\/p>\n\n\n\n<p><em>Les dispositions l\u00e9gislatives permettant au maire de faire proc\u00e9der \u00e0 la cr\u00e9mation des restes inhum\u00e9s en terrain commun sans en informer les tiers m\u00e9connaissent-elles les droits et libert\u00e9s que la Constitution garantit&nbsp;?<\/em>&nbsp;<\/p>\n\n\n\n<p>CC, 30 octobre 2024,&nbsp;<em>M. Michel B.<\/em>, D\u00e9cision n\u00b0 2024-1110 QPC<\/p>\n\n\n\n<p>Rapporteur&nbsp;: Ruben Izraelewicz<\/p>\n\n\n\n<p class=\"has-text-align-center\"><strong><u>S\u00e9ance n\u00b0 5 \u2013 lundi 8 d\u00e9cembre 2025 \u00e0 18h<\/u><\/strong><\/p>\n\n\n\n<p><em>La r\u00e9habilitation de plein droit d&rsquo;une condamnation interdit-elle \u00e0 la juridiction de la prendre en compte lors de l&rsquo;examen de la personnalit\u00e9 de l&rsquo;int\u00e9ress\u00e9 dans une autre affaire&nbsp;?&nbsp;<\/em><\/p>\n\n\n\n<p>Cass. crim., 7 mai 2025, n\u00b0 24-82.093&nbsp;<\/p>\n\n\n\n<p>Rapporteure&nbsp;: Julia Rechtman<\/p>\n\n\n\n<p class=\"has-text-align-center\"><strong><u>S\u00e9ance n\u00b0 6 \u2013 lundi 15 d\u00e9cembre 2025 \u00e0 18h<\/u><\/strong><\/p>\n\n\n\n<p><em>Le juge civil est-il comp\u00e9tent pour conna\u00eetre d\u2019une demande d\u2019indemnisation de pr\u00e9judices n\u00e9s d\u2019une d\u00e9cision prise par une juridiction eccl\u00e9siastique&nbsp;?&nbsp;<\/em><\/p>\n\n\n\n<p>Cass. Ass. pl\u00e9n. 4 avril 2025, n\u00b0 21-24.439<\/p>\n\n\n\n<p>Rapporteur&nbsp;: Esteban Renaud<\/p>\n\n\n\n<p class=\"has-text-align-center\"><strong><u>S\u00e9ance n\u00b0 7 \u2013 lundi 5 janvier 2026 \u00e0 18h<\/u><\/strong><\/p>\n\n\n\n<p><em>Le motif tir\u00e9 de la limitation du r\u00e9chauffement climatique par la r\u00e9duction des \u00e9missions de gaz \u00e0 effet de serre, alors qu&rsquo;il n&rsquo;est pas pr\u00e9vu dans la loi, permet-il \u00e0 l&rsquo;administration de rejeter une demande de permis de recherches d&rsquo;hydrocarbures&nbsp;?&nbsp;<\/em><\/p>\n\n\n\n<p>CE, 24 juillet 2024,&nbsp;<em>Ministre de la transition \u00e9nerg\u00e9tique c. soci\u00e9t\u00e9 EG Lorraine<\/em>, n\u00b0 471782<\/p>\n\n\n\n<p>Rapporteur&nbsp;: Stanislas Julien-Steffens<\/p>\n\n\n\n<p class=\"has-text-align-center\"><strong><u>S\u00e9ance n\u00b0 8 \u2013 lundi 12 janvier 2026 \u00e0 18h<\/u><\/strong><\/p>\n\n\n\n<p><em>Le client d\u2019une banque qui, contact\u00e9 par t\u00e9l\u00e9phone par une personne se faisant passer pour un pr\u00e9pos\u00e9 de l\u2019\u00e9tablissement, autorise des op\u00e9rations sur ses comptes, commet-il une n\u00e9gligence grave le rendant responsable de toutes les pertes&nbsp;?&nbsp;<\/em><\/p>\n\n\n\n<p>Cass. com., 23 octobre 2024, n\u00b0 23-16.267<\/p>\n\n\n\n<p>Rapporteur&nbsp;: Ruben Izraelewicz<\/p>\n\n\n\n<p class=\"has-text-align-center\"><strong><u>S\u00e9ance n\u00b0 9 \u2013 lundi 19 janvier 2026 \u00e0 18h<\/u><\/strong><\/p>\n\n\n\n<p><em>L\u2019interdiction de toute activit\u00e9 \u00e0 caract\u00e8re ludique pour les personnes d\u00e9tenues est-elle ill\u00e9gale&nbsp;?<\/em><\/p>\n\n\n\n<p>CE, 19 mai 2025,&nbsp;<em>Section fran\u00e7aise de l&rsquo;Observatoire international pour les prisons et autres<\/em>, n\u00b0 502367<\/p>\n\n\n\n<p>Rapporteure&nbsp;: Julia Rechtman<\/p>\n\n\n\n<p class=\"has-text-align-center\"><strong><u>S\u00e9ance n\u00b0 10 \u2013 lundi 26 janvier 2026 \u00e0 18h<\/u><\/strong><\/p>\n\n\n\n<p><em>L&rsquo;exclusion du conjoint, du concubin, ou du partenaire du p\u00e8re biologique de l&rsquo;enfant du b\u00e9n\u00e9fice du cong\u00e9 de paternit\u00e9 et d&rsquo;accueil est-elle contraire aux droits et libert\u00e9s que la Constitution garantit&nbsp;?<\/em>&nbsp;<\/p>\n\n\n\n<p>CC, 8 ao\u00fbt 2025,&nbsp;<em>Association des parents et futurs parents gays et lesbiens<\/em>, D\u00e9cision n\u00b0 2025-1155 QPC<\/p>\n\n\n\n<p>Rapporteur&nbsp;: Esteban Renaud<\/p>\n\n\n\n<p class=\"has-text-align-center\"><strong><u>S\u00e9ance n\u00b0 11 \u2013 lundi 2 f\u00e9vrier 2026 \u00e0 18h<\/u><\/strong><\/p>\n\n\n\n<p><em>L\u2019installation d\u2019une cam\u00e9ra de surveillance permettant de capter l\u2019image de personnes empruntant un chemin de passage commun au voisinage constitue-t-elle un trouble manifestement illicite ?&nbsp;<\/em><\/p>\n\n\n\n<p>Cass., Civ. 3, 10 avril 2025, n\u00b0 23-19.702<\/p>\n\n\n\n<p>Rapporteur&nbsp;: Stanislas Julien-Steffens<\/p>\n\n\n\n<p class=\"has-text-align-center\"><strong><u>S\u00e9ance n\u00b0 12 \u2013 lundi 9 f\u00e9vrier 2026 \u00e0 18h<\/u><\/strong><\/p>\n\n\n\n<p><em>La p\u00e9nalisation de l&rsquo;achat de services sexuels viole-t-elle le droit au respect de la vie priv\u00e9e des travailleuses et travailleurs du sexe&nbsp;?<\/em><\/p>\n\n\n\n<p>CEDH, 25 juillet 2024,&nbsp;<em>M. A. et autres c. France<\/em>, n\u00b0 63664\/19&nbsp;<\/p>\n\n\n\n<p>Rapporteur&nbsp;: Ruben Izraelewicz<\/p>\n\n\n\n<p class=\"has-text-align-center\"><strong><u>S\u00e9ance n\u00b0 13 \u2013 lundi 16 f\u00e9vrier 2026 \u00e0 18h<\/u><\/strong><\/p>\n\n\n\n<p><em>Le fait que le salari\u00e9 n\u2019appartienne pas \u00e0 la famille de son employeur est-il insusceptible de fonder une discrimination prohib\u00e9e lorsqu\u2019il constitue le motif d\u2019un traitement moins favorable&nbsp;?<\/em><\/p>\n\n\n\n<p>Cass. soc., 9 avril 2025, n\u00b0 23-14.016<\/p>\n\n\n\n<p>Rapporteure&nbsp;: Julia Rechtman<\/p>\n\n\n\n<p class=\"has-text-align-center\"><strong><u>S\u00e9ance n\u00b0 14 \u2013 lundi 9 mars 2026 \u00e0 18h<\/u><\/strong><\/p>\n\n\n\n<p><em>La responsabilit\u00e9 sans faute de l\u2019\u00c9tat est-elle susceptible d\u2019\u00eatre engag\u00e9e devant le juge administratif du fait d\u2019actes non d\u00e9tachables de la conduite des relations internationales de la France ?<\/em><\/p>\n\n\n\n<p>CE, Ass., 24 octobre 2024,&nbsp;<em>Mutuelle centrale de r\u00e9assurance<\/em>, n\u00b0 465144<\/p>\n\n\n\n<p>Rapporteur&nbsp;: Esteban Renaud<\/p>\n\n\n\n<p class=\"has-text-align-center\"><strong><u>S\u00e9ance n\u00b0 15 \u2013 lundi 16 mars 2026 \u00e0 18h<\/u><\/strong><\/p>\n\n\n\n<p><em>L\u2019immunit\u00e9 personnelle du chef d\u2019\u00c9tat accus\u00e9 de g\u00e9nocide, crimes contre l\u2019humanit\u00e9 ou crimes de guerre se maintient-elle malgr\u00e9 la d\u00e9cision de l\u2019\u00c9tat du for de ne plus reconna\u00eetre le gouvernement de celui-ci&nbsp;?<\/em><\/p>\n\n\n\n<p>Cass. Ass. pl\u00e9n., 25 juillet 2025, n\u00b0 24-84.393<\/p>\n\n\n\n<p>Rapporteur&nbsp;: Stanislas Julien-Steffens<\/p>\n\n\n\n<p class=\"has-text-align-center\"><strong><u>S\u00e9ance n\u00b0 16 \u2013 lundi 23 mars 2026 <span class=\"has-inline-color has-vivid-red-color\">\u00e0 10h<\/span><\/u><\/strong><\/p>\n\n\n\n<p><em>La personne faisant l\u2019objet d\u2019un examen m\u00e9dical dans le cadre d\u2019une expertise judiciaire civile peut-elle \u00eatre assist\u00e9e par son avocat&nbsp;?<\/em><\/p>\n\n\n\n<p>Cass. civ. 2, 30 avril 2025, n\u00b0 22-15.215<\/p>\n\n\n\n<p>Rapporteur\u00a0: Ruben Izraelewicz<\/p>\n","protected":false},"excerpt":{"rendered":"<p>S\u00e9ance n\u00b0 1 \u2013 lundi 3 novembre 2025 \u00e0 18h Le propri\u00e9taire d\u2019un cheptel qui maintient son p\u00e2turage sur des parcelles dont il sait qu\u2019elles sont pollu\u00e9es commet-il une faute de nature \u00e0 r\u00e9duire son indemnisation&nbsp;? Cass., Civ. 3, 5 juin 2025, n\u00b0 23-23.775 Rapporteure&nbsp;: Julia Rechtman S\u00e9ance n\u00b0 2 \u2013 lundi 10 novembre 2025 &#8230; <a title=\"LE PROGRAMME DU PREMIER TOUR 2025-2026\" class=\"read-more\" href=\"https:\/\/conferencedustage-aac.com\/index.php\/le-programme-2023-2024\/\">Read more <span class=\"screen-reader-text\">LE PROGRAMME DU PREMIER TOUR 2025-2026<\/span><\/a><\/p>\n","protected":false},"author":2,"featured_media":0,"parent":0,"menu_order":0,"comment_status":"closed","ping_status":"closed","template":"","meta":[],"_links":{"self":[{"href":"https:\/\/conferencedustage-aac.com\/index.php\/wp-json\/wp\/v2\/pages\/390"}],"collection":[{"href":"https:\/\/conferencedustage-aac.com\/index.php\/wp-json\/wp\/v2\/pages"}],"about":[{"href":"https:\/\/conferencedustage-aac.com\/index.php\/wp-json\/wp\/v2\/types\/page"}],"author":[{"embeddable":true,"href":"https:\/\/conferencedustage-aac.com\/index.php\/wp-json\/wp\/v2\/users\/2"}],"replies":[{"embeddable":true,"href":"https:\/\/conferencedustage-aac.com\/index.php\/wp-json\/wp\/v2\/comments?post=390"}],"version-history":[{"count":118,"href":"https:\/\/conferencedustage-aac.com\/index.php\/wp-json\/wp\/v2\/pages\/390\/revisions"}],"predecessor-version":[{"id":1615,"href":"https:\/\/conferencedustage-aac.com\/index.php\/wp-json\/wp\/v2\/pages\/390\/revisions\/1615"}],"wp:attachment":[{"href":"https:\/\/conferencedustage-aac.com\/index.php\/wp-json\/wp\/v2\/media?parent=390"}],"curies":[{"name":"wp","href":"https:\/\/api.w.org\/{rel}","templated":true}]}}