{"id":53,"date":"2020-09-26T17:31:54","date_gmt":"2020-09-26T15:31:54","guid":{"rendered":"http:\/\/conferencedustage-aac.com\/?page_id=53"},"modified":"2025-11-25T11:12:45","modified_gmt":"2025-11-25T10:12:45","slug":"la-rentree-solennelle","status":"publish","type":"page","link":"https:\/\/conferencedustage-aac.com\/index.php\/la-rentree-solennelle\/","title":{"rendered":"LA RENTR\u00c9E SOLENNELLE"},"content":{"rendered":"\n<p>Chaque fin d&rsquo;ann\u00e9e a lieu la rentr\u00e9e solennelle de la Conf\u00e9rence. Elle se d\u00e9roule au Conseil d&rsquo;\u00c9tat ou \u00e0 la Cour de cassation, devant les hautes autorit\u00e9s administratives et judiciaires. Les quatre secr\u00e9taires de la promotion en cours y sont pr\u00e9sent\u00e9s officiellement, tandis que ceux de la promotion sortante re\u00e7oivent des prix et r\u00e9compenses pour leur ann\u00e9e pass\u00e9e au service de la Conf\u00e9rence.<\/p>\n\n\n\n<p>\u00c0\u00a0cette occasion, le Premier secr\u00e9taire de la promotion sortante est appel\u00e9 \u00e0 prononcer un discours sur un th\u00e8me de son choix. S&rsquo;il s&rsquo;agit bien souvent d&rsquo;un \u00e9loge d&rsquo;un avocat aux Conseils ou d&rsquo;une grande figure du monde judiciaire, le discours peut \u00e9galement porter sur une affaire ayant marqu\u00e9 l&rsquo;histoire, ou plus g\u00e9n\u00e9ralement sur nos cours supr\u00eames.<\/p>\n\n\n\n<p>Cette page recense les discours de rentr\u00e9e les plus r\u00e9cents.<\/p>\n\n\n\n<p>Vous pouvez \u00e9galement retrouver l&rsquo;int\u00e9gralit\u00e9 des discours prononc\u00e9s de 2003 \u00e0 2024 dans la <a rel=\"noreferrer noopener\" href=\"https:\/\/www.dalloz-revues.fr\/revues\/Justice_et_cassation-115.htm\" target=\"_blank\">revue <em>Justice &amp; Cassation<\/em><\/a> (\u00e9ditions Dalloz). Les dix-sept premiers num\u00e9ros sont librement disponibles \u00e0 la consultation <a rel=\"noreferrer noopener\" href=\"https:\/\/www.ordre-avocats-cassation.fr\/publications-scientifiques\/revue-justice-cassation\" target=\"_blank\">sur le site internet de l&rsquo;Ordre des avocats aux Conseils<\/a>.<\/p>\n\n\n\n<p>2024-2025 : <a rel=\"noreferrer noopener\" href=\"https:\/\/www.youtube.com\/live\/uSmxU7Tzizw?si=xblAoHuO_eqx0RH8\" target=\"_blank\">Pierre Heuz\u00e9<\/a>, <strong><strong><strong>\u00ab<\/strong><\/strong> L&rsquo;affaire Prince Napol\u00e9on <strong><strong>\u00bb<\/strong><\/strong> <\/strong><\/p>\n\n\n\n<p>2023-2024 : <a href=\"https:\/\/www.youtube.com\/watch?v=Z7S_TRb5VZQ\">Kevin Graczyk<\/a>, <strong><strong><strong>\u00ab<\/strong><\/strong> La Cour de cassation et la peine de mort <strong><strong>\u00bb<\/strong><\/strong> <\/strong><\/p>\n\n\n\n<p>2022-2023 : <a href=\"https:\/\/www.youtube.com\/watch?v=QYdYStfAY0o&amp;t=219s\">Benjamin Rottier<\/a>, <strong><strong><strong>\u00ab<\/strong><\/strong> \u00c9loge d&rsquo;\u00c9douard Laferri\u00e8re <strong><strong>\u00bb<\/strong><\/strong> <\/strong><\/p>\n\n\n\n<p>2021-2022 : <a rel=\"noreferrer noopener\" href=\"https:\/\/youtu.be\/4w8SAr2mt-8?t=1927\" target=\"_blank\">Quentin Reynier<\/a>, <strong><a href=\"https:\/\/conferencedustage-aac.com\/wp-content\/uploads\/2022\/12\/QReynier-discours-de-rentre\u0301e-28-11-2022.pdf\" target=\"_blank\" rel=\"noreferrer noopener\">\u00ab \u00c9loge du moyen de cassation \u00bb<\/a><\/strong><\/p>\n\n\n\n<p>2019-2021 : <a rel=\"noreferrer noopener\" href=\"https:\/\/www.youtube.com\/watch?v=jTASkG_r-ok\" target=\"_blank\">Laure Colonna d&rsquo;Istria<\/a>, <strong> <a href=\"https:\/\/conferencedustage-aac.com\/wp-content\/uploads\/2022\/09\/2-conf-stage-colonna.pdf\" target=\"_blank\" rel=\"noreferrer noopener\"><strong><strong>\u00ab<\/strong><\/strong> \u00c9loge du rapporteur public \u00bb<\/a><\/strong><\/p>\n\n\n\n<p>2018-2019 : Philippe Prigent, <strong> <a href=\"https:\/\/conferencedustage-aac.com\/wp-content\/uploads\/2022\/07\/Eloge-dHenry-Mornard.pdf\" target=\"_blank\" rel=\"noreferrer noopener\"><strong><strong>\u00ab<\/strong><\/strong> \u00c9loge d&rsquo;Henry Mornard <strong>\u00bb<\/strong><\/a> <\/strong><\/p>\n\n\n\n<p>2017-2018 : Marie-Paule Melka, <strong> <a href=\"https:\/\/conferencedustage-aac.com\/wp-content\/uploads\/2022\/07\/chronique-de-la-Chronique.pdf\" target=\"_blank\" rel=\"noreferrer noopener\"><strong><strong>\u00ab<\/strong><\/strong> Une chronique de la Chronique : 65 ans de jurisprudence administrative comment\u00e9e <strong><strong>\u00bb<\/strong><\/strong><\/a> <\/strong><\/p>\n\n\n\n<p>2016-2017 : Henri-Charles Croizier, <strong> <a href=\"https:\/\/conferencedustage-aac.com\/wp-content\/uploads\/2022\/07\/Petite-histoire-illustree-de-lordre-des-AAC.pdf\" target=\"_blank\" rel=\"noreferrer noopener\"><strong><strong>\u00ab<\/strong><\/strong> \u00c0 l&rsquo;occasion d&rsquo;un bicentenaire : petite histoire illustr\u00e9e de l&rsquo;Ordre des avocats au Conseil d&rsquo;\u00c9tat et \u00e0 la Cour de cassation <strong><strong>\u00bb<\/strong><\/strong><\/a> <\/strong><\/p>\n\n\n\n<p>2015-2016 : St\u00e9phanie Kurc, <strong> <a href=\"https:\/\/conferencedustage-aac.com\/wp-content\/uploads\/2022\/07\/Eloge-de-Henri-Chardon_Stephanie-KURC_13-decembre-2016.pdf\" target=\"_blank\" rel=\"noreferrer noopener\"><strong><strong>\u00ab<\/strong><\/strong> \u00c9loge d&rsquo;Henri Chardon <strong><strong>\u00bb<\/strong><\/strong><\/a> <\/strong><\/p>\n\n\n\n<p>2014-2015 : N\u00e9da Habillat, <strong> <a href=\"https:\/\/conferencedustage-aac.com\/wp-content\/uploads\/2022\/07\/conference-stage_Habillat_Justice-Cassation.pdf\" data-type=\"URL\" data-id=\"https:\/\/conferencedustage-aac.com\/wp-content\/uploads\/2022\/07\/conference-stage_Habillat_Justice-Cassation.pdf\" target=\"_blank\" rel=\"noreferrer noopener\"><strong><strong>\u00ab<\/strong><\/strong> Du quai de l&rsquo;Horloge \u00e0 l&rsquo;avenue Sami El Solh <strong><strong>\u00bb<\/strong><\/strong><\/a> <\/strong><\/p>\n\n\n\n<p>2013-2014 : G\u00e9raud M\u00e9gret,&nbsp;<strong> <strong><strong>\u00ab<\/strong><\/strong> \u00c9loge d&rsquo;Alexandre Parodi <strong><strong>\u00bb<\/strong><\/strong> <\/strong><\/p>\n\n\n\n<p>2012-2013 : Armand&nbsp;Kacenelenbogen,&nbsp;<strong> <strong><strong>\u00ab<\/strong><\/strong> L&rsquo;affaire Lally-Tollendal <strong><strong>\u00bb<\/strong><\/strong> <\/strong><\/p>\n\n\n\n<p>2011-2012 :&nbsp; Michael Bendavid,&nbsp;<strong><a href=\"https:\/\/conferencedustage-aac.com\/wp-content\/uploads\/2022\/07\/01ab2d8d45490642-ElogedAdolpheCrmieux.pdf\"> <strong>\u00ab <\/strong>\u00c9loge d&rsquo;Adolphe Cr\u00e9mieux. Un r\u00e9volutionnaire conservateur <strong><strong>\u00bb<\/strong><\/strong> <\/a><\/strong><\/p>\n\n\n\n<p>2010-2011 : Rapha\u00ebl Dokhan,&nbsp;<a href=\"https:\/\/conferencedustage-aac.com\/wp-content\/uploads\/2022\/07\/dfd165401ca1c096-ElogedeJacquesHenrySimonparRaphalDokhan.pdf\"><strong> <strong>\u00ab <\/strong>\u00c9loge de Jacques Henry Simon\u00a0\u00bb<\/strong><\/a><\/p>\n\n\n\n<p>2009-2010 : Hern de Quelen,&nbsp;<strong> <strong>\u00ab <\/strong>\u00c9loge du Pr\u00e9sident Henrion de Pansey\u00a0\u00bb<\/strong><\/p>\n\n\n\n<p>2008-2009 : Marie Ozenfant,\u00a0<a rel=\"noreferrer noopener\" href=\"https:\/\/conferencedustage-aac.com\/wp-content\/uploads\/2022\/07\/28961456e0543e81-DiscoursderentreeMarieOzenfant8decembre2009.pdf\" target=\"_blank\"><strong> <strong><strong>\u00ab<\/strong><\/strong> L&rsquo;affaire des biens de la famille d&rsquo;Orl\u00e9ans devant le Conseil d&rsquo;\u00c9tat\u00a0<strong><strong>\u00bb<\/strong><\/strong> <\/strong><\/a><\/p>\n\n\n\n<p>2007-2008 : Guillaume Tapie,&nbsp;<strong> <a href=\"https:\/\/conferencedustage-aac.com\/wp-content\/uploads\/2022\/07\/55e00c1c9c47f126-DiscoursderentreedeGuillaumeTapiedecembre2008.pdf\" target=\"_blank\" rel=\"noreferrer noopener\"><strong><strong>\u00ab<\/strong><\/strong> Gatine (1805-1864). Un avocat aux Conseils contre l&rsquo;esclavage <strong><strong>\u00bb<\/strong><\/strong><\/a> <\/strong><\/p>\n\n\n\n<p>2006-2007 : Nicolas Morelli,&nbsp;<strong> <a href=\"https:\/\/conferencedustage-aac.com\/wp-content\/uploads\/2022\/09\/Discours-de-rentree-de-la-Conference-du-Stage-Nicolas-Morelli.pdf\" target=\"_blank\" rel=\"noreferrer noopener\"><strong><strong>\u00ab<\/strong><\/strong> Une r\u00e9volution sous Louis XV. Le R\u00e8glement du 28 juin 1738 <strong><strong>\u00bb<\/strong><\/strong><\/a> <\/strong><\/p>\n\n\n\n<p>2005-2006 : Thomas Lyon-Caen,&nbsp;<strong><a rel=\"noreferrer noopener\" href=\"https:\/\/conferencedustage-aac.com\/wp-content\/uploads\/2022\/07\/Discours-de-rentree-de-la-Conference-du-Stage-2006.pdf\" target=\"_blank\">\u00ab La cassation sans renvoi dans l&rsquo;affaire Dreyfus <strong><strong>\u00bb<\/strong><\/strong><\/a> <\/strong><\/p>\n\n\n\n<p>2004-2005 : Claire Vexliard, <strong>\u00ab Georges Cuvier : un naturaliste au Conseil d\u2019\u00c9tat \u00bb<\/strong><\/p>\n\n\n\n<p>2003-2004 : Sylvia Lasfargeas, <strong><a href=\"https:\/\/conferencedustage-aac.com\/wp-content\/uploads\/2022\/09\/Discours-SLasfargeas.pdf\" target=\"_blank\" rel=\"noreferrer noopener\">\u00ab Le juge et l\u2019historien. \u00c0 propos de l\u2019arr\u00eat Branly \u00bb<\/a><\/strong><\/p>\n\n\n\n<p>2002-2003 : Fr\u00e9d\u00e9ric Rocheteau, <strong><a href=\"https:\/\/conferencedustage-aac.com\/wp-content\/uploads\/2023\/06\/Discoursrentree.pdf\" target=\"_blank\" rel=\"noreferrer noopener\">\u00ab Stendhal au Conseil d\u2019\u00c9tat \u00bb<\/a><\/strong><\/p>\n\n\n\n<p><\/p>\n","protected":false},"excerpt":{"rendered":"<p>Chaque fin d&rsquo;ann\u00e9e a lieu la rentr\u00e9e solennelle de la Conf\u00e9rence. Elle se d\u00e9roule au Conseil d&rsquo;\u00c9tat ou \u00e0 la Cour de cassation, devant les hautes autorit\u00e9s administratives et judiciaires. Les quatre secr\u00e9taires de la promotion en cours y sont pr\u00e9sent\u00e9s officiellement, tandis que ceux de la promotion sortante re\u00e7oivent des prix et r\u00e9compenses pour &#8230; <a title=\"LA RENTR\u00c9E SOLENNELLE\" class=\"read-more\" href=\"https:\/\/conferencedustage-aac.com\/index.php\/la-rentree-solennelle\/\">Read more <span class=\"screen-reader-text\">LA RENTR\u00c9E SOLENNELLE<\/span><\/a><\/p>\n","protected":false},"author":1,"featured_media":0,"parent":0,"menu_order":0,"comment_status":"closed","ping_status":"closed","template":"","meta":[],"_links":{"self":[{"href":"https:\/\/conferencedustage-aac.com\/index.php\/wp-json\/wp\/v2\/pages\/53"}],"collection":[{"href":"https:\/\/conferencedustage-aac.com\/index.php\/wp-json\/wp\/v2\/pages"}],"about":[{"href":"https:\/\/conferencedustage-aac.com\/index.php\/wp-json\/wp\/v2\/types\/page"}],"author":[{"embeddable":true,"href":"https:\/\/conferencedustage-aac.com\/index.php\/wp-json\/wp\/v2\/users\/1"}],"replies":[{"embeddable":true,"href":"https:\/\/conferencedustage-aac.com\/index.php\/wp-json\/wp\/v2\/comments?post=53"}],"version-history":[{"count":37,"href":"https:\/\/conferencedustage-aac.com\/index.php\/wp-json\/wp\/v2\/pages\/53\/revisions"}],"predecessor-version":[{"id":1660,"href":"https:\/\/conferencedustage-aac.com\/index.php\/wp-json\/wp\/v2\/pages\/53\/revisions\/1660"}],"wp:attachment":[{"href":"https:\/\/conferencedustage-aac.com\/index.php\/wp-json\/wp\/v2\/media?parent=53"}],"curies":[{"name":"wp","href":"https:\/\/api.w.org\/{rel}","templated":true}]}}