{"id":66,"date":"2020-09-26T17:34:19","date_gmt":"2020-09-26T15:34:19","guid":{"rendered":"http:\/\/conferencedustage-aac.com\/?page_id=66"},"modified":"2025-09-22T16:29:20","modified_gmt":"2025-09-22T14:29:20","slug":"les-programmes-anterieurs","status":"publish","type":"page","link":"https:\/\/conferencedustage-aac.com\/index.php\/les-programmes-anterieurs\/","title":{"rendered":"LES PROGRAMMES ANT\u00c9RIEURS"},"content":{"rendered":"\n<p>Chaque ann\u00e9e, la Conf\u00e9rence du stage recr\u00e9\u00e9e des proc\u00e8s qui ont donn\u00e9 lieu \u00e0 d&rsquo;importantes d\u00e9cisions des Hautes juridictions fran\u00e7aises et europ\u00e9ennes.<\/p>\n\n\n\n<p>Chaque s\u00e9ance s&rsquo;ouvre par les discours des candidats (demandeurs, d\u00e9fendeurs et Minist\u00e8res publics). Un des secr\u00e9taires fait ensuite lecture de son rapport ainsi que du projet d&rsquo;arr\u00eat correspondant.<\/p>\n\n\n\n<p>Vous trouverez sur cette page le&nbsp;<strong>programme des ann\u00e9es pr\u00e9c\u00e9dentes<\/strong>, et sur<strong><a href=\"https:\/\/conferencedustage-aac.com\/index.php\/les-annales\/\" data-type=\"URL\" data-id=\"https:\/\/conferencedustage-aac.com\/index.php\/les-annales\/\"> la page des annales<\/a> <\/strong>les discours et rapports des secr\u00e9taires qui sont disponibles. Nous nous effor\u00e7ons d&rsquo;enrichir r\u00e9guli\u00e8rement cette base de donn\u00e9es.<\/p>\n\n\n\n<p><strong>Voir le programme des ann\u00e9es ant\u00e9rieures :<\/strong><\/p>\n\n\n\n<p><strong><a href=\"https:\/\/conferencedustage-aac.com\/wp-content\/uploads\/2025\/01\/Seances-premier-tour-2024-2025.docx.pdf\" target=\"_blank\" rel=\"noreferrer noopener\">2024-2025<\/a><\/strong><\/p>\n\n\n\n<p><strong><a href=\"https:\/\/conferencedustage-aac.com\/wp-content\/uploads\/2023\/10\/Conference-AAC-2023-2024-Liste-des-sujets-2.pdf\">2023-2024<\/a><\/strong><\/p>\n\n\n\n<p><strong><a rel=\"noreferrer noopener\" href=\"https:\/\/conferencedustage-aac.com\/wp-content\/uploads\/2022\/10\/Conference-AAC-2022-2023-Liste-des-sujets.pdf\" target=\"_blank\">2022-2023<\/a><\/strong><\/p>\n\n\n\n<p><a rel=\"noreferrer noopener\" href=\"https:\/\/conferencedustage-aac.com\/wp-content\/uploads\/2021\/10\/Conference-AAC-2021-2022-Liste-des-sujets.pdf\" data-type=\"URL\" data-id=\"https:\/\/conferencedustage-aac.com\/wp-content\/uploads\/2021\/10\/Conference-AAC-2021-2022-Liste-des-sujets.pdf\" target=\"_blank\"><strong>2021-2022<\/strong><\/a><\/p>\n\n\n\n<p><a href=\"https:\/\/conferencedustage-aac.com\/wp-content\/uploads\/2020\/10\/Conference-AAC-2020-2021-Liste-des-sujets-avec-candidats.pdf\" data-type=\"URL\" data-id=\"https:\/\/conferencedustage-aac.com\/wp-content\/uploads\/2020\/10\/Conference-AAC-2020-2021-Liste-des-sujets-avec-candidats.pdf\"><strong>2020-2021<\/strong><\/a><\/p>\n\n\n\n<p><strong><a href=\"https:\/\/conferencedustage-aac.com\/index.php\/le-programme-2018-2019\/\" data-type=\"URL\" data-id=\"https:\/\/conferencedustage-aac.com\/index.php\/le-programme-2018-2019\/\">2018-2019<\/a><\/strong><\/p>\n\n\n\n<p><strong><a href=\"http:\/\/web.archive.org\/web\/20191223193912\/http:\/\/media.virbcdn.com\/files\/5c\/85f97e7593f10f12-SujetsConfrence2017-2018.pdf\">2017-2018<\/a><\/strong><\/p>\n\n\n\n<p><strong>2016-2017<\/strong><\/p>\n\n\n\n<p><strong><a href=\"https:\/\/conferencedustage-aac.com\/index.php\/premier-tour-de-la-conference-du-stage-2015-2016\/\" data-type=\"URL\" data-id=\"https:\/\/conferencedustage-aac.com\/index.php\/premier-tour-de-la-conference-du-stage-2015-2016\/\">2015-2016<\/a><\/strong><\/p>\n\n\n\n<p><strong><a href=\"https:\/\/conferencedustage-aac.com\/index.php\/premier-tour-de-la-conference-du-stage-2014-2015\/\" data-type=\"URL\" data-id=\"https:\/\/conferencedustage-aac.com\/index.php\/premier-tour-de-la-conference-du-stage-2014-2015\/\">2014-2015<\/a><\/strong><\/p>\n\n\n\n<p><strong><a href=\"https:\/\/conferencedustage-aac.com\/index.php\/programme-de-la-conference-du-stage-2013-2014\/\" data-type=\"URL\" data-id=\"https:\/\/conferencedustage-aac.com\/index.php\/programme-de-la-conference-du-stage-2013-2014\/\">2013-2014<\/a><\/strong><\/p>\n\n\n\n<p><strong><a href=\"https:\/\/conferencedustage-aac.com\/index.php\/programme-de-la-conference-du-stage-2012-2013\/\" data-type=\"URL\" data-id=\"https:\/\/conferencedustage-aac.com\/index.php\/programme-de-la-conference-du-stage-2012-2013\/\">2012-2013<\/a><\/strong><\/p>\n\n\n\n<p><strong><a href=\"http:\/\/web.archive.org\/web\/20191223193912\/http:\/\/media.virbcdn.com\/files\/0a\/FileItem-146469-ConferencedustageProgramme20112012.pdf\">2011-2012<\/a><\/strong><br><a href=\"http:\/\/web.archive.org\/web\/20191223193912\/http:\/\/www.conferencedustage-aac.org\/programmes-anterieurs#2010-2011\"><\/a><\/p>\n\n\n\n<p><strong><a href=\"https:\/\/conferencedustage-aac.com\/index.php\/programme-de-la-conference-du-stage-2010-2011\/\" data-type=\"URL\" data-id=\"https:\/\/conferencedustage-aac.com\/index.php\/programme-de-la-conference-du-stage-2010-2011\/\">2010-2011<\/a><\/strong><\/p>\n\n\n\n<p><strong><a href=\"https:\/\/conferencedustage-aac.com\/index.php\/programme-de-la-conference-du-stage-2009-2010\/\" data-type=\"URL\" data-id=\"https:\/\/conferencedustage-aac.com\/index.php\/programme-de-la-conference-du-stage-2009-2010\/\">2009-2010<\/a><\/strong><\/p>\n\n\n\n<p><strong><a href=\"https:\/\/conferencedustage-aac.com\/index.php\/programme-de-la-conference-du-stage-2008-2009\/\" data-type=\"URL\" data-id=\"https:\/\/conferencedustage-aac.com\/index.php\/programme-de-la-conference-du-stage-2008-2009\/\">2008-2009<\/a><\/strong><\/p>\n","protected":false},"excerpt":{"rendered":"<p>Chaque ann\u00e9e, la Conf\u00e9rence du stage recr\u00e9\u00e9e des proc\u00e8s qui ont donn\u00e9 lieu \u00e0 d&rsquo;importantes d\u00e9cisions des Hautes juridictions fran\u00e7aises et europ\u00e9ennes. Chaque s\u00e9ance s&rsquo;ouvre par les discours des candidats (demandeurs, d\u00e9fendeurs et Minist\u00e8res publics). Un des secr\u00e9taires fait ensuite lecture de son rapport ainsi que du projet d&rsquo;arr\u00eat correspondant. Vous trouverez sur cette page &#8230; <a title=\"LES PROGRAMMES ANT\u00c9RIEURS\" class=\"read-more\" href=\"https:\/\/conferencedustage-aac.com\/index.php\/les-programmes-anterieurs\/\">Read more <span class=\"screen-reader-text\">LES PROGRAMMES ANT\u00c9RIEURS<\/span><\/a><\/p>\n","protected":false},"author":1,"featured_media":0,"parent":0,"menu_order":0,"comment_status":"closed","ping_status":"closed","template":"","meta":[],"_links":{"self":[{"href":"https:\/\/conferencedustage-aac.com\/index.php\/wp-json\/wp\/v2\/pages\/66"}],"collection":[{"href":"https:\/\/conferencedustage-aac.com\/index.php\/wp-json\/wp\/v2\/pages"}],"about":[{"href":"https:\/\/conferencedustage-aac.com\/index.php\/wp-json\/wp\/v2\/types\/page"}],"author":[{"embeddable":true,"href":"https:\/\/conferencedustage-aac.com\/index.php\/wp-json\/wp\/v2\/users\/1"}],"replies":[{"embeddable":true,"href":"https:\/\/conferencedustage-aac.com\/index.php\/wp-json\/wp\/v2\/comments?post=66"}],"version-history":[{"count":14,"href":"https:\/\/conferencedustage-aac.com\/index.php\/wp-json\/wp\/v2\/pages\/66\/revisions"}],"predecessor-version":[{"id":1596,"href":"https:\/\/conferencedustage-aac.com\/index.php\/wp-json\/wp\/v2\/pages\/66\/revisions\/1596"}],"wp:attachment":[{"href":"https:\/\/conferencedustage-aac.com\/index.php\/wp-json\/wp\/v2\/media?parent=66"}],"curies":[{"name":"wp","href":"https:\/\/api.w.org\/{rel}","templated":true}]}}