{"id":67,"date":"2020-09-26T17:34:37","date_gmt":"2020-09-26T15:34:37","guid":{"rendered":"http:\/\/conferencedustage-aac.com\/?page_id=67"},"modified":"2025-08-02T20:04:53","modified_gmt":"2025-08-02T18:04:53","slug":"les-secretaires-de-la-conference","status":"publish","type":"page","link":"https:\/\/conferencedustage-aac.com\/index.php\/les-secretaires-de-la-conference\/","title":{"rendered":"LES SECR\u00c9TAIRES DE LA CONF\u00c9RENCE"},"content":{"rendered":"\n<p>La liste des Secr\u00e9taires est longue de plusieurs si\u00e8cles, passant par les juristes les plus renomm\u00e9s tels que <strong>Ren\u00e9 Cassin<\/strong>, <strong>Henry Mornard<\/strong>, le doyen <strong>Georges Vedel<\/strong>, le Garde des Sceaux <strong>Henri Capitant<\/strong>, les professeurs <strong>Paul Lagarde<\/strong>, <strong>Berthold Goldman<\/strong>, <strong>Henri Batiffol<\/strong>, <strong>Jean Rivero<\/strong>, <strong>Guy Carcassonne<\/strong>, <strong>Jacques Ghestin<\/strong>, <strong>Genevi\u00e8ve Viney<\/strong>\u2026<\/p>\n\n\n\n<p><strong>Les secr\u00e9taires de la Conf\u00e9rence du stage pour l\u2019ann\u00e9e 2025-2026 :<\/strong><\/p>\n\n\n\n<ul><li>Premi\u00e8re secr\u00e9taire : <strong><a href=\"https:\/\/youtu.be\/oTt2xtgUhJs?si=y3baMz9i2wee6cRE\">Julia Rechtman<\/a><\/strong><\/li><li>Deuxi\u00e8me secr\u00e9taire : <strong><a href=\"https:\/\/youtu.be\/N_AG8K_IyKI?si=6J65eNv57yrlNfPY\">Esteban Renaud<\/a><\/strong><\/li><li>Troisi\u00e8me secr\u00e9taire : <a href=\"https:\/\/youtu.be\/ZXBju_QFx6U?si=br-N2crmnXIGTmsK\"><strong>Stanislas Julien-Steffens<\/strong><\/a><\/li><li>Quatri\u00e8me secr\u00e9taire : <strong><a href=\"https:\/\/youtu.be\/jNIBFFMdFOY?si=dgshc4ryth8T_dtH\">Ruben Izraelewicz<\/a><\/strong><\/li><\/ul>\n\n\n\n<p><strong>Les secr\u00e9taires de la Conf\u00e9rence du stage pour l\u2019ann\u00e9e 2024-2025 :<\/strong><\/p>\n\n\n\n<ul><li>Premier secr\u00e9taire : <strong><a href=\"https:\/\/www.youtube.com\/watch?v=ZIHokAFEkSk&amp;t=3s\">Pierre Heuz\u00e9<\/a><\/strong><\/li><li>Deuxi\u00e8me secr\u00e9taire : <strong><a href=\"https:\/\/www.youtube.com\/watch?v=kiPbAE1TXT8&amp;t=435s\">C\u00e9line Gauthier-Maxence<\/a><\/strong><\/li><li>Troisi\u00e8me secr\u00e9taire : <strong><a href=\"https:\/\/www.youtube.com\/watch?v=XJGq-IoqEec&amp;t=3s\">Augustin de Cr\u00e9cy<\/a><\/strong><\/li><li>Quatri\u00e8me secr\u00e9taire : <strong><a href=\"https:\/\/www.youtube.com\/watch?v=C4s-P3D2620&amp;t=2s\">\u00c9mile Lansade<\/a><\/strong><\/li><\/ul>\n\n\n\n<p><strong>Les secr\u00e9taires de la Conf\u00e9rence du stage pour l\u2019ann\u00e9e 2023-2024 :<\/strong><\/p>\n\n\n\n<ul><li>Premier secr\u00e9taire : <strong><a href=\"https:\/\/www.youtube.com\/watch?v=jb_nvueu2So\" target=\"_blank\" rel=\"noreferrer noopener\">Kevin Graczyk<\/a><\/strong><\/li><li>Deuxi\u00e8me secr\u00e9taire : <strong><a href=\"https:\/\/www.youtube.com\/watch?v=2taI-5-pK_c\" target=\"_blank\" rel=\"noreferrer noopener\">Flora Drapp<\/a><\/strong><\/li><li>Troisi\u00e8me secr\u00e9taire : <strong><a href=\"https:\/\/www.youtube.com\/watch?v=lWEab1leEbU\" target=\"_blank\" rel=\"noreferrer noopener\">Philippe Narcy<\/a><\/strong><\/li><li>Quatri\u00e8me secr\u00e9taire : <strong><a href=\"https:\/\/www.youtube.com\/watch?v=Qp_FZ-h0SrY\" target=\"_blank\" rel=\"noreferrer noopener\">Luca Bordas<\/a><\/strong><\/li><\/ul>\n\n\n\n<p><strong>Les secr\u00e9taires de la Conf\u00e9rence du stage pour l\u2019ann\u00e9e 2022-2023 :<\/strong><\/p>\n\n\n\n<ul><li>Premier secr\u00e9taire :&nbsp;<strong><a href=\"https:\/\/www.youtube.com\/watch?v=hXmZAdaTQy0\" target=\"_blank\" rel=\"noreferrer noopener\">Benjamin Rottier<\/a><\/strong><\/li><li>Deuxi\u00e8me secr\u00e9taire :&nbsp;<strong><a href=\"https:\/\/www.youtube.com\/watch?v=Pck_rvxyBks\" target=\"_blank\" rel=\"noreferrer noopener\">Jean-Baptiste Forest<\/a><\/strong><\/li><li>Troisi\u00e8me secr\u00e9taire :&nbsp;<strong><a href=\"https:\/\/www.youtube.com\/watch?v=2g4VQKd3Wvg\" target=\"_blank\" rel=\"noreferrer noopener\">Doroth\u00e9e F\u00e9liers<\/a><\/strong><\/li><li>Quatri\u00e8me secr\u00e9taire :&nbsp;<strong><a href=\"https:\/\/www.youtube.com\/watch?v=T-8FzGi9wZY\" target=\"_blank\" rel=\"noreferrer noopener\">Antoine Benacerraf<\/a><\/strong><\/li><\/ul>\n\n\n\n<p><strong>Les secr\u00e9taires de la Conf\u00e9rence du stage pour l\u2019ann\u00e9e 2021-2022 :<\/strong><\/p>\n\n\n\n<ul><li>Premier secr\u00e9taire :&nbsp;<strong><a href=\"https:\/\/www.youtube.com\/watch?v=nRFlHovm-c4\" target=\"_blank\" rel=\"noreferrer noopener\">Quentin Reynier<\/a><\/strong><\/li><li>Deuxi\u00e8me secr\u00e9taire :&nbsp;<strong><a href=\"https:\/\/www.youtube.com\/watch?v=KyDY839BUw4\" target=\"_blank\" rel=\"noreferrer noopener\">Vincent Lassalle-Byhet<\/a><\/strong><\/li><li>Troisi\u00e8me secr\u00e9taire :&nbsp;<strong><a href=\"https:\/\/www.youtube.com\/watch?v=DiyIEj87dv8\" target=\"_blank\" rel=\"noreferrer noopener\">Claire Lyautey<\/a><\/strong><\/li><li>Quatri\u00e8me secr\u00e9taire :&nbsp;<strong><a href=\"https:\/\/www.youtube.com\/watch?v=7TiZsmqJxPE\" target=\"_blank\" rel=\"noreferrer noopener\">Andr\u00e9a Londo\u00f1o L\u00f3pez<\/a><\/strong><\/li><\/ul>\n\n\n\n<p><strong>Les secr\u00e9taires de la Conf\u00e9rence du stage pour les ann\u00e9es 2019-2021 \u2014&nbsp;l&rsquo;ann\u00e9e 2019-2020 ayant \u00e9t\u00e9 interrompue \u00e0 cause de la pand\u00e9mie :<\/strong><\/p>\n\n\n\n<ul><li>Premier secr\u00e9taire :&nbsp;<strong><a href=\"https:\/\/www.youtube.com\/watch?v=wSJh9C3ZQnc\" target=\"_blank\" rel=\"noreferrer noopener\">Laure Colonna d&rsquo;Istria<\/a><\/strong><\/li><li>Deuxi\u00e8me secr\u00e9taire :&nbsp;<strong><a href=\"https:\/\/www.youtube.com\/watch?v=pqr0IRGNtUM\" target=\"_blank\" rel=\"noreferrer noopener\">Nabil Kenana<\/a><\/strong><\/li><li>Troisi\u00e8me secr\u00e9taire :&nbsp;<strong><a href=\"https:\/\/www.youtube.com\/watch?v=l1w4Q41aIGU\" target=\"_blank\" rel=\"noreferrer noopener\">Ir\u00e8ne Delaunay<\/a><\/strong><\/li><li>Quatri\u00e8me secr\u00e9taire :&nbsp;<strong><a href=\"https:\/\/www.youtube.com\/watch?v=tPK2uvMo9k8\" target=\"_blank\" rel=\"noreferrer noopener\">Nicolas Guerrero<\/a><\/strong><\/li><\/ul>\n\n\n\n<p><strong>Les secr\u00e9taires de la Conf\u00e9rence du stage pour l\u2019ann\u00e9e 2018-2019 :&nbsp;<\/strong><\/p>\n\n\n\n<ul><li>Premier secr\u00e9taire :&nbsp;<strong><a href=\"https:\/\/www.youtube.com\/watch?v=JP4bv90EvZo\" target=\"_blank\" rel=\"noreferrer noopener\">L\u00e9a Verdy<\/a><\/strong><\/li><li>Deuxi\u00e8me secr\u00e9taire :&nbsp;<strong><a href=\"https:\/\/www.youtube.com\/watch?v=rv-GOkALE10\" target=\"_blank\" rel=\"noreferrer noopener\">Philippe Prigent<\/a><\/strong><\/li><li>Troisi\u00e8me secr\u00e9taire :&nbsp;<strong><a href=\"https:\/\/www.youtube.com\/watch?v=_8KcfNw7XIA\" target=\"_blank\" rel=\"noreferrer noopener\">Pierre Kremp<\/a><\/strong><\/li><li>Quatri\u00e8me secr\u00e9taire :&nbsp;<strong><a href=\"https:\/\/www.youtube.com\/watch?v=pXb-j6YxE-U\" target=\"_blank\" rel=\"noreferrer noopener\">Pauline Le Prado<\/a><\/strong><\/li><\/ul>\n\n\n\n<p><strong>Les secr\u00e9taires de la Conf\u00e9rence du stage pour l\u2019ann\u00e9e 2017-2018 :&nbsp;<\/strong><\/p>\n\n\n\n<ul><li>Premier secr\u00e9taire :&nbsp;<strong>Marie-Paule Melka<\/strong><\/li><li>Deuxi\u00e8me secr\u00e9taire :&nbsp;<strong>Anne-Lise Fischbach<\/strong><\/li><li>Troisi\u00e8me secr\u00e9taire :&nbsp;<strong>Maxime Cornille<\/strong><\/li><li>Quatri\u00e8me secr\u00e9taire :&nbsp;<strong>Delphine Rooz<\/strong><\/li><\/ul>\n\n\n\n<p><strong>Les secr\u00e9taires de la Conf\u00e9rence du stage pour l\u2019ann\u00e9e 2016-2017 :<\/strong><\/p>\n\n\n\n<ul><li>Premier secr\u00e9taire :&nbsp;<strong>Henri-Charles Croizier<\/strong><\/li><li>Deuxi\u00e8me secr\u00e9taire :&nbsp;<strong>Nicolas Gu\u00e9rin<\/strong><\/li><li>Troisi\u00e8me secr\u00e9taire :&nbsp;<strong>Vincent Gury<\/strong><\/li><li>Quatri\u00e8me secr\u00e9taire :&nbsp;<strong>Christine Charbonnier<\/strong><\/li><\/ul>\n\n\n\n<p><strong>Les secr\u00e9taires de la Conf\u00e9rence du stage pour l\u2019ann\u00e9e 2015-2016 :<\/strong><\/p>\n\n\n\n<ul><li>Premier secr\u00e9taire :&nbsp;<strong>St\u00e9phanie Kurc<\/strong><\/li><li>Deuxi\u00e8me secr\u00e9taire :&nbsp;<strong>Sylvain Ravenne<\/strong><\/li><li>Troisi\u00e8me secr\u00e9taire :&nbsp;<strong>Gilles Merveilleux du Vignaux<\/strong><\/li><li>Quatri\u00e8me secr\u00e9taire :&nbsp;<strong>Charles Pastor<\/strong><\/li><\/ul>\n\n\n\n<p><strong>Les secr\u00e9taires de la Conf\u00e9rence du stage pour l\u2019ann\u00e9e 2014-2015 :<\/strong><\/p>\n\n\n\n<ul><li>Premier secr\u00e9taire :&nbsp;<strong>N\u00e9da Habillat<\/strong><\/li><li>Deuxi\u00e8me secr\u00e9taire :&nbsp;<strong>Isabelle Goulet<\/strong><\/li><li>Troisi\u00e8me secr\u00e9taire :&nbsp;<strong>Micha\u00ebl Rouland<\/strong><\/li><li>Quatri\u00e8me secr\u00e9taire :&nbsp;<strong>Fran\u00e7ois Gilbert<\/strong><\/li><\/ul>\n\n\n\n<p><strong>Les secr\u00e9taires de la Conf\u00e9rence du stage pour l\u2019ann\u00e9e 2013-2014 :<\/strong><\/p>\n\n\n\n<ul><li>Premier secr\u00e9taire :&nbsp;<strong>G\u00e9raud M\u00e9gret<\/strong><\/li><li>Deuxi\u00e8me secr\u00e9taire :&nbsp;<strong>Florence Meuris<\/strong><\/li><li>Troisi\u00e8me secr\u00e9taire :&nbsp;<strong>Alexandre Koenig<\/strong><\/li><li>Quatri\u00e8me secr\u00e9taire :&nbsp;<strong>\u00c9lodie Le Prado<\/strong><\/li><\/ul>\n\n\n\n<p><strong>Les secr\u00e9taires de la Conf\u00e9rence du stage pour l&rsquo;ann\u00e9e 2012-2013 :<\/strong><\/p>\n\n\n\n<ul><li>Premier secr\u00e9taire :&nbsp;<strong>Armand Kacenelenbogen<\/strong><\/li><li>Deuxi\u00e8me secr\u00e9taire :&nbsp;<strong>Nicolas Kilgus<\/strong><\/li><li>Troisi\u00e8me secr\u00e9taire :&nbsp;<strong>Anne-Laure Valluis<\/strong><\/li><li>Quatri\u00e8me secr\u00e9taire :&nbsp;<strong>B\u00e9n\u00e9dicte Moulinier<\/strong><\/li><\/ul>\n\n\n\n<p><strong>Les secr\u00e9taires de la Conf\u00e9rence du stage pour l\u2019ann\u00e9e 2011-2012 :&nbsp;<\/strong><\/p>\n\n\n\n<ul><li>Premier secr\u00e9taire :&nbsp;<strong>Micha\u00ebl Bendavid<\/strong><\/li><li>Deuxi\u00e8me secr\u00e9taire :&nbsp;<strong>Ronald Maman<\/strong><\/li><li>Troisi\u00e8me secr\u00e9taire :&nbsp;<strong>Carole Br\u00e8s<\/strong><\/li><li>Quatri\u00e8me secr\u00e9taire :&nbsp;<strong>Daoud Salmouni<\/strong><\/li><\/ul>\n\n\n\n<p><strong>Les secr\u00e9taires de la Conf\u00e9rence du stage pour l\u2019ann\u00e9e 2010-2011 :&nbsp;<\/strong><\/p>\n\n\n\n<ul><li>Premier secr\u00e9taire :&nbsp;<strong>Rapha\u00ebl Dokhan<\/strong><\/li><li>Deuxi\u00e8me secr\u00e9taire :&nbsp;<strong>Ingrid Loran<\/strong><\/li><li>Troisi\u00e8me secr\u00e9taire :&nbsp;<strong>Isabelle Zribi<\/strong><\/li><li>Quatri\u00e8me secr\u00e9taire :&nbsp;<strong>Laurent Goldman<\/strong><\/li><\/ul>\n\n\n\n<p><strong>Les secr\u00e9taires de la Conf\u00e9rence du stage pour l\u2019ann\u00e9e 2009-2010 :&nbsp;<\/strong><\/p>\n\n\n\n<ul><li>Premier secr\u00e9taire :&nbsp;<strong>Hern de Qu\u00e9len<\/strong><\/li><li>Deuxi\u00e8me secr\u00e9taire :&nbsp;<strong>Cl\u00e9mence Hourdeaux<\/strong><\/li><li>Troisi\u00e8me secr\u00e9taire :&nbsp;<strong>Manuel Delamarre<\/strong><\/li><li>Quatri\u00e8me secr\u00e9taire :&nbsp;<strong>Fr\u00e9d\u00e9ric Descorps-Decl\u00e8re<\/strong><\/li><\/ul>\n\n\n\n<p><strong>Les secr\u00e9taires de la Conf\u00e9rence du stage pour l\u2019ann\u00e9e 2008-2009 :&nbsp;<\/strong><\/p>\n\n\n\n<ul><li>Premier secr\u00e9taire :&nbsp;<strong>Marie Ozenfant<\/strong><\/li><li>Deuxi\u00e8me secr\u00e9taire :&nbsp;<strong>R\u00e9gis Froger<\/strong><\/li><li>Troisi\u00e8me secr\u00e9taire :&nbsp;<strong>Fran\u00e7ois Pinatel-Bertheau<\/strong><\/li><li>Quatri\u00e8me secr\u00e9taire :&nbsp;<strong>Guillaume L\u00e9cuyer<\/strong><\/li><\/ul>\n\n\n\n<p><strong>Les secr\u00e9taires de la Conf\u00e9rence du stage pour l\u2019ann\u00e9e 2007-2008 :&nbsp;<\/strong><\/p>\n\n\n\n<ul><li>Premier secr\u00e9taire :&nbsp;<strong>Guillaume Tapie<\/strong><\/li><li>Deuxi\u00e8me secr\u00e9taire :&nbsp;<strong>S\u00e9bastien Viaud<\/strong><\/li><li>Troisi\u00e8me secr\u00e9taire :&nbsp;<strong>Denis de La Burgade<\/strong><\/li><li>Quatri\u00e8me secr\u00e9taire :&nbsp;<strong>D\u00e9bora Gouz-Fitoussi<\/strong><\/li><\/ul>\n\n\n\n<p><strong>Les secr\u00e9taires de la Conf\u00e9rence du stage pour l\u2019ann\u00e9e 2006-2007 :<\/strong><\/p>\n\n\n\n<ul><li>Premier secr\u00e9taire :&nbsp;<strong>Nicolas Morelli<\/strong><\/li><li>Deuxi\u00e8me secr\u00e9taire :&nbsp;<strong>St\u00e9phanie Bendel-Vasseur<\/strong><\/li><li>Troisi\u00e8me secr\u00e9taire :&nbsp;<strong>\u00c9milie Capron<\/strong><\/li><li>Quatri\u00e8me secr\u00e9taire :&nbsp;<strong>Aline Simard<\/strong><\/li><\/ul>\n\n\n\n<p><strong>Les secr\u00e9taires de la Conf\u00e9rence du stage pour l\u2019ann\u00e9e 2005-2006 :<\/strong><\/p>\n\n\n\n<ul><li>Premier secr\u00e9taire :&nbsp;<strong>Thomas Lyon-Caen<\/strong><\/li><li>Deuxi\u00e8me secr\u00e9taire :&nbsp;<strong>Claire Rameix-Seguin<\/strong><\/li><li>Troisi\u00e8me secr\u00e9taire :&nbsp;<strong>Guillaume Valdeli\u00e8vre<\/strong><\/li><li>Quatri\u00e8me secr\u00e9taire :&nbsp;<strong>Hachim Fadili<\/strong><\/li><\/ul>\n\n\n\n<p><strong>Les secr\u00e9taires de la Conf\u00e9rence du stage pour l\u2019ann\u00e9e 2004-2005 :<\/strong><\/p>\n\n\n\n<ul><li>Premier secr\u00e9taire :&nbsp;<strong>Claire Vexliard<\/strong><\/li><li>Deuxi\u00e8me secr\u00e9taire :&nbsp;<strong>C\u00e9cile Janura<\/strong><\/li><li>Troisi\u00e8me secr\u00e9taire :&nbsp;<strong>Agn\u00e8s Tr\u00e9bulle<\/strong><\/li><li>Quatri\u00e8me secr\u00e9taire :&nbsp;<strong>Lo\u00efc Poupot&nbsp;<\/strong><\/li><\/ul>\n\n\n\n<p><strong>Les secr\u00e9taires de la Conf\u00e9rence du stage pour l\u2019ann\u00e9e 2003-2004 :<\/strong><\/p>\n\n\n\n<ul><li>Premier secr\u00e9taire :&nbsp;<strong>Sylvia Lasfargeas<\/strong><\/li><li>Deuxi\u00e8me secr\u00e9taire :&nbsp;<strong>Jean-Pierre Masquart<\/strong><\/li><li>Troisi\u00e8me secr\u00e9taire :&nbsp;<strong>Isabelle Galy<\/strong><\/li><li>Quatri\u00e8me secr\u00e9taire :&nbsp;<strong>J\u00e9r\u00f4me Rousseau<\/strong><\/li><\/ul>\n\n\n\n<p><strong>Les secr\u00e9taires de la Conf\u00e9rence du stage pour l\u2019ann\u00e9e 2002-2003 :<\/strong><\/p>\n\n\n\n<ul><li>Premier secr\u00e9taire :&nbsp;<strong>Fr\u00e9d\u00e9ric Rocheteau<\/strong><\/li><li>Deuxi\u00e8me secr\u00e9taire :&nbsp;<strong>Blaise Capron<\/strong><\/li><li>Troisi\u00e8me secr\u00e9taire :&nbsp;<strong>Rapha\u00eblle Poupet<\/strong><\/li><li>Quatri\u00e8me secr\u00e9taire :&nbsp;<strong>C\u00e9dric Uzan-Sarano<\/strong><\/li><\/ul>\n\n\n\n<p><strong>Les secr\u00e9taires de la Conf\u00e9rence du stage pour l\u2019ann\u00e9e 2001-2002 :<\/strong><\/p>\n\n\n\n<ul><li>Premier secr\u00e9taire :&nbsp;<strong>Karine Latty-Desach\u00e9<\/strong><\/li><li>Deuxi\u00e8me secr\u00e9taire :&nbsp;<strong>Amaury Sonet<\/strong><\/li><li>Troisi\u00e8me secr\u00e9taire :&nbsp;<strong>Beno\u00eet Jorion<\/strong><\/li><li>Quatri\u00e8me secr\u00e9taire :&nbsp;<strong>Isabelle Noiret d&rsquo;Armagnac<\/strong><\/li><\/ul>\n\n\n\n<p><strong>Les secr\u00e9taires de la Conf\u00e9rence du stage pour l\u2019ann\u00e9e 2000-2001 :<\/strong><\/p>\n\n\n\n<ul><li>Premier secr\u00e9taire :&nbsp;<strong>Emmanuelle Trichet<\/strong><\/li><li>Deuxi\u00e8me secr\u00e9taire :&nbsp;<strong>Bertrand P\u00e9rier<\/strong><\/li><li>Troisi\u00e8me secr\u00e9taire :&nbsp;<strong>H\u00e9l\u00e8ne Nico<\/strong><\/li><li>Quatri\u00e8me secr\u00e9taire :&nbsp;<strong>Gr\u00e9gory Magnac&nbsp;<\/strong><\/li><\/ul>\n\n\n\n<p><strong>Les secr\u00e9taires de la Conf\u00e9rence du stage pour l\u2019ann\u00e9e 1999-2000 :<\/strong><\/p>\n\n\n\n<ul><li>Premier secr\u00e9taire :&nbsp;<strong>Fran\u00e7ois Molini\u00e9<\/strong><\/li><li>Deuxi\u00e8me secr\u00e9taire :&nbsp;<strong>Virginie Lemari\u00e9<\/strong><\/li><li>Troisi\u00e8me secr\u00e9taire :&nbsp;<strong>Damien C\u00e9lice<\/strong><\/li><li>Quatri\u00e8me secr\u00e9taire :&nbsp;<strong>Cyril Cazcarra<\/strong><\/li><\/ul>\n\n\n\n<p><strong>Les secr\u00e9taires de la Conf\u00e9rence du stage pour l\u2019ann\u00e9e 1998-1999 :<\/strong><\/p>\n\n\n\n<ul><li>Premier secr\u00e9taire :&nbsp;<strong>Olivier Matuchansky<\/strong><\/li><li>Deuxi\u00e8me secr\u00e9taire :&nbsp;<strong>Philippe Bouhanna<\/strong><\/li><li>Troisi\u00e8me secr\u00e9taire :&nbsp;<strong>Nicolas Boullez<\/strong><\/li><li>Quatri\u00e8me secr\u00e9taire :&nbsp;<strong>Xavier Vuitton<\/strong><\/li><\/ul>\n\n\n\n<p><strong>Les secr\u00e9taires de la Conf\u00e9rence du stage pour l\u2019ann\u00e9e 1997-1998 :<\/strong><\/p>\n\n\n\n<ul><li>Premier secr\u00e9taire :&nbsp;<strong>David Gaschignard<\/strong><\/li><li>Deuxi\u00e8me secr\u00e9taire :&nbsp;<strong>Marc Mosse<\/strong><\/li><li>Troisi\u00e8me secr\u00e9taire :&nbsp;<strong>Jean Salve de Bruneton<\/strong><\/li><li>Quatri\u00e8me secr\u00e9taire :&nbsp;<strong>Olivia Sigal<\/strong><\/li><\/ul>\n\n\n\n<p><strong>Les secr\u00e9taires de la Conf\u00e9rence du stage pour l\u2019ann\u00e9e 1996-1997 :<\/strong><\/p>\n\n\n\n<ul><li>Premier secr\u00e9taire :<strong>&nbsp;Louis Bor\u00e9<\/strong><\/li><li>Deuxi\u00e8me secr\u00e9taire :&nbsp;<strong>Anne Sevaux<\/strong><\/li><li>Troisi\u00e8me secr\u00e9taire :&nbsp;<strong>Jean-Pierre&nbsp;Farges<\/strong><\/li><li>Quatri\u00e8me secr\u00e9taire :&nbsp;<strong>Bernard Franchi<\/strong><\/li><\/ul>\n\n\n\n<p><strong>Les secr\u00e9taires de la Conf\u00e9rence du stage pour l\u2019ann\u00e9e 1995-1996 :&nbsp;<\/strong><\/p>\n\n\n\n<ul><li>Premier secr\u00e9taire :&nbsp;<strong>Julien Occhipinti<\/strong><\/li><li>Deuxi\u00e8me secr\u00e9taire :&nbsp;<strong>Lucette Dinglor<\/strong><\/li><li>Troisi\u00e8me secr\u00e9taire :&nbsp;<strong>J\u00e9r\u00f4me Pentecoste<\/strong><\/li><li>Quatri\u00e8me secr\u00e9taire :&nbsp;<strong>Fran\u00e7ois Buisson<\/strong><\/li><\/ul>\n\n\n\n<p><strong>Les secr\u00e9taires de la Conf\u00e9rence du stage pour l\u2019ann\u00e9e 1994-1995 :<\/strong><\/p>\n\n\n\n<ul><li>Premier secr\u00e9taire :&nbsp;<strong>Patrice Spinosi<\/strong><\/li><li>Deuxi\u00e8me secr\u00e9taire :&nbsp;<strong>Claude Antoni<\/strong><\/li><li>Troisi\u00e8me secr\u00e9taire :&nbsp;<strong>John Ristaino<\/strong><\/li><li>Quatri\u00e8me secr\u00e9taire :&nbsp;<strong>Luc Michel<\/strong><\/li><\/ul>\n\n\n\n<p><strong>Les secr\u00e9taires de la Conf\u00e9rence du stage pour l\u2019ann\u00e9e 1993-1994 :<\/strong><\/p>\n\n\n\n<ul><li>Premier secr\u00e9taire :&nbsp;<strong>Sophie Paye<\/strong><\/li><li>Deuxi\u00e8me secr\u00e9taire :&nbsp;<strong>Beno\u00eet Soltner<\/strong><\/li><li>Troisi\u00e8me secr\u00e9taire :&nbsp;<strong>Fran\u00e7ois-R\u00e9gis Boulloche<\/strong><\/li><li>Quatri\u00e8me secr\u00e9taire :&nbsp;<strong>Sophie Dorange-Boulor\u00e9<\/strong><\/li><\/ul>\n\n\n\n<p><strong>Les secr\u00e9taires de la Conf\u00e9rence du stage pour l\u2019ann\u00e9e 1992-1993 :<\/strong><\/p>\n\n\n\n<ul><li>Premier secr\u00e9taire :&nbsp;<strong>Yves Claisse<\/strong><\/li><li>Deuxi\u00e8me secr\u00e9taire :&nbsp;<strong>Catherine Ramain<\/strong><\/li><li>Troisi\u00e8me secr\u00e9taire :&nbsp;<strong>Carole Fattachini-Sizes<\/strong><\/li><li>Quatri\u00e8me secr\u00e9taire :&nbsp;<strong>Annie Saint-Andr\u00e9<\/strong><\/li><\/ul>\n\n\n\n<p><strong>Les secr\u00e9taires de la Conf\u00e9rence du stage pour l\u2019ann\u00e9e 1991-1992 :<\/strong><\/p>\n\n\n\n<ul><li>Premier secr\u00e9taire :&nbsp;<strong>Michel Levy<\/strong><\/li><li>Deuxi\u00e8me secr\u00e9taire :&nbsp;<strong>Stanislas Mandelkern<\/strong><\/li><li>Troisi\u00e8me secr\u00e9taire :&nbsp;<strong>Xavier Paulet<\/strong><\/li><li>Quatri\u00e8me secr\u00e9taire :&nbsp;<strong>Yves Richard<\/strong><\/li><\/ul>\n\n\n\n<p><strong>Les secr\u00e9taires de la Conf\u00e9rence du stage pour l\u2019ann\u00e9e 1990-1991 :<\/strong><\/p>\n\n\n\n<ul><li>Premier secr\u00e9taire :&nbsp;<strong>Philippe Hameau<\/strong><\/li><li>Deuxi\u00e8me secr\u00e9taire :&nbsp;<strong>Fabienne Chloup-Houel<\/strong><\/li><li>Troisi\u00e8me secr\u00e9taire :&nbsp;<strong>Muriel Assuline<\/strong><\/li><li>Quatri\u00e8me secr\u00e9taire :&nbsp;<strong>Jean-Pierre Chevallier<\/strong><\/li><\/ul>\n","protected":false},"excerpt":{"rendered":"<p>La liste des Secr\u00e9taires est longue de plusieurs si\u00e8cles, passant par les juristes les plus renomm\u00e9s tels que Ren\u00e9 Cassin, Henry Mornard, le doyen Georges Vedel, le Garde des Sceaux Henri Capitant, les professeurs Paul Lagarde, Berthold Goldman, Henri Batiffol, Jean Rivero, Guy Carcassonne, Jacques Ghestin, Genevi\u00e8ve Viney\u2026 Les secr\u00e9taires de la Conf\u00e9rence du stage &#8230; <a title=\"LES SECR\u00c9TAIRES DE LA CONF\u00c9RENCE\" class=\"read-more\" href=\"https:\/\/conferencedustage-aac.com\/index.php\/les-secretaires-de-la-conference\/\">Read more <span class=\"screen-reader-text\">LES SECR\u00c9TAIRES DE LA CONF\u00c9RENCE<\/span><\/a><\/p>\n","protected":false},"author":1,"featured_media":0,"parent":0,"menu_order":0,"comment_status":"closed","ping_status":"closed","template":"","meta":[],"_links":{"self":[{"href":"https:\/\/conferencedustage-aac.com\/index.php\/wp-json\/wp\/v2\/pages\/67"}],"collection":[{"href":"https:\/\/conferencedustage-aac.com\/index.php\/wp-json\/wp\/v2\/pages"}],"about":[{"href":"https:\/\/conferencedustage-aac.com\/index.php\/wp-json\/wp\/v2\/types\/page"}],"author":[{"embeddable":true,"href":"https:\/\/conferencedustage-aac.com\/index.php\/wp-json\/wp\/v2\/users\/1"}],"replies":[{"embeddable":true,"href":"https:\/\/conferencedustage-aac.com\/index.php\/wp-json\/wp\/v2\/comments?post=67"}],"version-history":[{"count":14,"href":"https:\/\/conferencedustage-aac.com\/index.php\/wp-json\/wp\/v2\/pages\/67\/revisions"}],"predecessor-version":[{"id":1580,"href":"https:\/\/conferencedustage-aac.com\/index.php\/wp-json\/wp\/v2\/pages\/67\/revisions\/1580"}],"wp:attachment":[{"href":"https:\/\/conferencedustage-aac.com\/index.php\/wp-json\/wp\/v2\/media?parent=67"}],"curies":[{"name":"wp","href":"https:\/\/api.w.org\/{rel}","templated":true}]}}