{"id":69,"date":"2020-09-26T17:35:05","date_gmt":"2020-09-26T15:35:05","guid":{"rendered":"http:\/\/conferencedustage-aac.com\/?page_id=69"},"modified":"2026-01-29T14:48:06","modified_gmt":"2026-01-29T13:48:06","slug":"rapports-de-secretaires","status":"publish","type":"page","link":"https:\/\/conferencedustage-aac.com\/index.php\/rapports-de-secretaires\/","title":{"rendered":"RAPPORTS DE SECR\u00c9TAIRES"},"content":{"rendered":"\n<p>Retrouvez sur cette page les&nbsp;<strong>rapports<\/strong>&nbsp;prononc\u00e9s par les Secr\u00e9taires lors des s\u00e9ances du 1er tour du concours de la Conf\u00e9rence :<\/p>\n\n\n\n<ul><li><a rel=\"noreferrer noopener\" href=\"https:\/\/conferencedustage-aac.com\/wp-content\/uploads\/2026\/01\/Rapport-seance-3-Augustin.pdf\" target=\"_blank\">Rapport de M. Augustin de Cr\u00e9cy<\/a> lors du concours 2024-2025 sur le sujet \u00ab <em><strong>L\u2019exercice de fonctions d&rsquo;enseignant en th\u00e9ologie et de th\u00e9ologien relevant du syst\u00e8me propre aux ministres du culte et de missions exclusivement religieuses est-il compatible avec le statut de salari\u00e9 ?<\/strong><\/em> \u00bb<\/li><li><a href=\"https:\/\/conferencedustage-aac.com\/wp-content\/uploads\/2025\/08\/Rapport-n\u00b0-4.pdf\">Rapport de M. K\u00e9vin Graczyk<\/a> lors du concours 2023-2024 sur le sujet \u00ab <strong><em>En l&rsquo;absence de stipulation expresse pr\u00e9vue par la police d&rsquo;assurance, le suicide est-il exclu des contrats garantissant les accidents corporels ?<\/em><\/strong> \u00bb<\/li><li><a rel=\"noreferrer noopener\" href=\"https:\/\/conferencedustage-aac.com\/wp-content\/uploads\/2026\/01\/Rapport-26-fevrier.pdf\" target=\"_blank\">Rapport de M. Philippe Narcy<\/a> lors du concours 2023-2024 sur le sujet \u00ab <strong><em>Le caract\u00e8re irr\u00e9fragable de la pr\u00e9somption selon laquelle le vendeur professionnel conna\u00eet ou doit conna\u00eetre les vices de la chose vendue porte-t-il atteinte au droit au proc\u00e8s \u00e9quitable garanti par l\u2019article 6\u00a71 de la Convention de sauvegarde des droits de l\u2019homme et des libert\u00e9s fondamentales ?<\/em> <\/strong>\u00bb<\/li><li><a rel=\"noreferrer noopener\" href=\"https:\/\/conferencedustage-aac.com\/wp-content\/uploads\/2026\/01\/Rapport-15-janvier.pdf\" target=\"_blank\">Rapport de M. Philippe Narcy<\/a> lors du concours 2023-2024 sur le sujet \u00ab <em><strong>Des descendants d\u2019esclaves peuvent-ils obtenir l\u2019indemnisation d\u2019un pr\u00e9judice transg\u00e9n\u00e9rationnel en lien avec la traite n\u00e9gri\u00e8re et l\u2019esclavage ?<\/strong><\/em> \u00bb<\/li><li><a rel=\"noreferrer noopener\" href=\"https:\/\/conferencedustage-aac.com\/wp-content\/uploads\/2023\/09\/S06-Rapport-Jean-Baptiste-Forest.pdf\" target=\"_blank\" data-type=\"URL\" data-id=\"https:\/\/conferencedustage-aac.com\/wp-content\/uploads\/2023\/09\/S06-Rapport-Jean-Baptiste-Forest.pdf\">Rapport de M. Jean-Baptiste Forest<\/a> lors du concours 2022-2023 sur le sujet \u00ab <strong><em>La cessation de travail d&rsquo;un seul et unique salari\u00e9 d\u00e9clar\u00e9 gr\u00e9viste dans le cadre d&rsquo;un pr\u00e9avis de gr\u00e8ve d\u00e9pos\u00e9 par une organisation syndicale repr\u00e9sentative dans une entreprise g\u00e9rant un service public constitue-t-elle une gr\u00e8ve ?<\/em><\/strong> \u00bb<\/li><li><a rel=\"noreferrer noopener\" href=\"https:\/\/conferencedustage-aac.com\/wp-content\/uploads\/2023\/09\/Rapport-du-30-janvier-2023-seance-n\u00b08-Antoine-Benacerraf.pdf\" target=\"_blank\" data-type=\"URL\" data-id=\"https:\/\/conferencedustage-aac.com\/wp-content\/uploads\/2023\/09\/Rapport-du-30-janvier-2023-seance-n\u00b08-Antoine-Benacerraf.pdf\">Rapport de M. Antoine Benacerraf<\/a> lors du concours 2022-2023 sur le sujet \u00ab <strong><em>Est-il exclu que les juridictions p\u00e9nales fran\u00e7aises soient comp\u00e9tentes pour conna\u00eetre des crimes contre l&rsquo;humanit\u00e9 autres que le g\u00e9nocide qu&rsquo;aurait commis un ressortissant \u00e9tranger sur le territoire du pays dont il a la nationalit\u00e9 lorsque la l\u00e9gislation de cet \u00e9tat, non-partie \u00e0 la convention de Rome portant sur le statut de la Cour p\u00e9nale internationale, ne pr\u00e9voit pas d&rsquo;infraction comportant un \u00e9l\u00e9ment constitutif relatif \u00e0 une attaque lanc\u00e9e contre une population civile en ex\u00e9cution d&rsquo;un plan concert\u00e9 ?<\/em><\/strong> \u00bb<\/li><li><a rel=\"noreferrer noopener\" href=\"https:\/\/conferencedustage-aac.com\/wp-content\/uploads\/2022\/09\/Q.-Reynier-rapport-s\u00e9ance-9-2021-2022.pdf\" target=\"_blank\">Rapport de M. Quentin Reynier<\/a> lors du concours 2021-2022 sur le sujet \u00ab <strong><em>Est-il exclu que la mise \u00e0 disposition, par un h\u00f4tel, de chaises longues et de parasols destin\u00e9s \u00e0 \u00eatre install\u00e9s par sa client\u00e8le, pendant la journ\u00e9e, sur la plage \u00e0 proximit\u00e9 imm\u00e9diate de l\u2019\u00e9tablissement h\u00f4telier, constitue une occupation irr\u00e9guli\u00e8re du domaine public ?<\/em><\/strong> \u00bb<\/li><li><a rel=\"noreferrer noopener\" href=\"https:\/\/conferencedustage-aac.com\/wp-content\/uploads\/2022\/09\/Londono-Lopez-Rapport-du-premier-tour-2021-2022.pdf\" target=\"_blank\">Rapport de Mme Andr\u00e9a Londo\u00f1o L\u00f3pez<\/a> lors du concours 2021-2022 sur le sujet \u00ab <strong><em>La protection des contribuables contre les changements de doctrine de l\u2019administration fiscale s\u2019applique-t-elle en cas de montage artificiel constitutif d\u2019abus de droit ?<\/em><\/strong> \u00bb<\/li><li><a rel=\"noreferrer noopener\" href=\"https:\/\/conferencedustage-aac.com\/wp-content\/uploads\/2022\/07\/Rapport-25-11-2021.pdf\" target=\"_blank\">Rapport de M. Vincent Lasalle-Byhet<\/a> lors du concours 2021-2022 sur le sujet \u00ab <strong><em>Est-il exclu qu\u2019en cas de fusion-absorption d\u2019une soci\u00e9t\u00e9 par une autre, la soci\u00e9t\u00e9 absorbante puisse \u00eatre condamn\u00e9e p\u00e9nalement pour des faits constitutifs d\u2019une infraction commise par la soci\u00e9t\u00e9 absorb\u00e9e avant l\u2019op\u00e9ration ?<\/em><\/strong> \u00bb<\/li><li><a rel=\"noreferrer noopener\" href=\"https:\/\/conferencedustage-aac.com\/wp-content\/uploads\/2022\/07\/Claire-Lyautey-Rapport-11e-seance.pdf\" target=\"_blank\">Rapport de Mme Claire Lyautey<\/a> lors du concours 2021-2022 sur le sujet \u00ab <strong><em>Une personne transgenre, dont la mention du sexe \u00e0 l\u2019\u00e9tat civil a \u00e9t\u00e9 modifi\u00e9e de \u201chomme\u201d \u00e0 \u201cfemme\u201d, peut-elle obtenir la transcription de sa reconnaissance de maternit\u00e9 ant\u00e9natale sur l\u2019acte de naissance de l\u2019enfant qu\u2019elle a con\u00e7u avec son \u00e9pouse ?<\/em><\/strong> \u00bb<\/li><li><a href=\"https:\/\/conferencedustage-aac.com\/wp-content\/uploads\/2021\/10\/Rapport-Irene-Delaunay.pdf\" data-type=\"URL\" data-id=\"https:\/\/conferencedustage-aac.com\/wp-content\/uploads\/2021\/10\/Rapport-Irene-Delaunay.pdf\">Rapport de Mme Ir\u00e8ne Delaunay<\/a> lors du concours 2020-2021 sur le sujet \u00ab <strong><em>Est-il exclu qu&rsquo;un vol commis par un steward dans l&rsquo;h\u00f4tel o\u00f9 il s\u00e9journait durant une escale constitue une faute grave justifiant son licenciement disciplinaire?<\/em><\/strong> \u00bb<\/li><li><a href=\"https:\/\/conferencedustage-aac.com\/wp-content\/uploads\/2021\/10\/rapport-seance-5-Laure-Colonna-dIstria.pdf\" data-type=\"URL\" data-id=\"https:\/\/conferencedustage-aac.com\/wp-content\/uploads\/2021\/10\/rapport-seance-5-Laure-Colonna-dIstria.pdf\">Rapport de Mme Laure Colonna d&rsquo;Istria<\/a> lors du concours 2020-2021 sur le sujet \u00ab <strong><em>Est-il exclu que le caract\u00e8re militant d&rsquo;un acte d&rsquo;aide au s\u00e9jour irr\u00e9gulier d&rsquo;un \u00e9tranger suffise \u00e0 priver son auteur du b\u00e9n\u00e9fice de l&rsquo;immunit\u00e9 pr\u00e9vue par l&rsquo;article L. 622-4 du code de l&rsquo;entr\u00e9e et du s\u00e9jour des \u00e9trangers et du droit d&rsquo;asile?<\/em><\/strong> \u00bb<\/li><li><a href=\"https:\/\/conferencedustage-aac.com\/wp-content\/uploads\/2021\/10\/Rapport-se%CC%81ance-2-Confe%CC%81rence.pdf\">Rapport de M. Nabil Kenana<\/a> lors du concours 2020-2021 sur le sujet \u00ab <strong><em>Les modalit\u00e9s d\u2019ex\u00e9cution de sanctions disciplinaires r\u00e9guli\u00e8rement prononc\u00e9es contre des militaires par une autorit\u00e9 l\u00e9gitime peuvent-elles constituer une violation de la dignit\u00e9 humaine telle que pr\u00e9vue par l&rsquo;article 225-14 du code p\u00e9nal ?<\/em><\/strong> \u00bb<\/li><li>Rapport de <a href=\"https:\/\/conferencedustage-aac.com\/wp-content\/uploads\/2021\/09\/Rapport-se%CC%81ance-n%C2%B0-12-8-fe%CC%81vrier-2021-vde%CC%81f.pdf\">M. Nicolas Guerrero<\/a> lors du concours 2020-2021 sur le sujet \u00ab <em><strong>Le fait, pour un particulier, de proposer contre r\u00e9mun\u00e9ration un repas \u00e0 son domicile, en dehors du cadre familial ou amical, sans respecter la r\u00e9glementation d\u2019ordre public pour la protection de la sant\u00e9 publique applicable en mati\u00e8re de restauration et de d\u00e9bit de boissons constitue-t-il un trouble manifestement illicite ?<\/strong><\/em> \u00bb<\/li><li>Rapport de <a href=\"https:\/\/conferencedustage-aac.com\/wp-content\/uploads\/2021\/09\/Rapport-se%CC%81ance-n%C2%B0-18-29-mars-2021-vde%CC%81f.pdf\">M. Nicolas Guerrero<\/a> lors du concours 2020-2021 sur le sujet \u00ab <em><strong>Est-il exclu qu\u2019une crise sanitaire li\u00e9e \u00e0 une \u00e9pid\u00e9mie puisse justifier l\u2019interdiction de tout rassemblement dans des lieux de culte ?<\/strong><\/em> \u00bb<\/li><li>Rapport de <a rel=\"noreferrer noopener\" href=\"https:\/\/conferencedustage-aac.com\/wp-content\/uploads\/2023\/03\/Rapport-arret-CE-Picquemal-13-decembre-2018.pdf\" target=\"_blank\">M. Philippe Prigent<\/a> lors du concours 2018-2019 sur le sujet \u00ab <strong><em>La radiation d\u2019un officier g\u00e9n\u00e9ral de l\u2019arm\u00e9e est-elle ill\u00e9gale quand il a particip\u00e9 \u00e0 une manifestation interdite par la pr\u00e9fecture, au cours de laquelle il a critiqu\u00e9 de fa\u00e7on virulente l\u2019action des pouvoirs publics en se pr\u00e9valant des responsabilit\u00e9s qu\u2019il a exerc\u00e9es ?<\/em><\/strong> \u00bb<\/li><li>Rapport de\u00a0<a href=\"http:\/\/media.virbcdn.com\/files\/f3\/258948427a43aa98-rapport3sance1tourMaximeCornille20112017.pdf\">M. Maxime Cornille<\/a>\u00a0lors du concours 2017 &#8211; 2018 sur le sujet<strong>\u00a0\u00ab <em>L&rsquo;article 306 du code de proc\u00e9dure p\u00e9nale qui permet \u00e0 la partie civile d&rsquo;obtenir, de droit, le prononc\u00e9 du huis clos pour le jugement de certains crimes devant la Cour d&rsquo;assises est-il contraire aux droits et libert\u00e9s que la Constitution garantit ?<\/em> \u00bb<\/strong><\/li><li>Rapport de\u00a0<a href=\"http:\/\/media.virbcdn.com\/files\/f3\/258948427a43aa98-rapport3sance1tourMaximeCornille20112017.pdf\">M. Rapha\u00ebl Dokhan<\/a>\u00a0lors du concours 2010-2011 sur le sujet\u00a0<strong><em>\u00ab\u00a0Le fait de maintenir dans un centre de r\u00e9tention administrative un nourrisson aupr\u00e8s de sa m\u00e8re est-il conforme aux exigences de l\u2019article 3 de la Convention europ\u00e9enne des droits de l\u2019homme ?\u00a0\u00bb<\/em><\/strong><\/li><li>Rapport de\u00a0<a href=\"http:\/\/media.virbcdn.com\/files\/f3\/258948427a43aa98-rapport3sance1tourMaximeCornille20112017.pdf\">M. Rapha\u00ebl Dokhan<\/a>\u00a0lors du concours 2010-2011 sur le sujet\u00a0<strong><em>\u00ab\u00a0Existe-t-il un doute s\u00e9rieux sur la l\u00e9galit\u00e9 du d\u00e9cret par lequel le pr\u00e9sident de la R\u00e9publique a radi\u00e9 des cadres un gendarme, chercheur associ\u00e9 au CNRS, pour avoir critiqu\u00e9 la politique de rapprochement de la gendarmerie et de la police nationale ?\u00a0\u00bb<\/em><\/strong><\/li><li>Rapport de\u00a0<a href=\"http:\/\/media.virbcdn.com\/files\/f3\/258948427a43aa98-rapport3sance1tourMaximeCornille20112017.pdf\">M. Rapha\u00ebl Dokhan<\/a>\u00a0lors du concours 2010-2011 sur le sujet\u00a0<strong><em>\u00ab\u00a0Des propos invitant \u00e0 la libre discussion historique sur le nombre de victimes des camps nazis \u00e9chappent-ils \u00e0 la qualification de contestation de crimes contre l\u2019humanit\u00e9 ?\u00a0\u00bb<\/em><\/strong><\/li><li>Rapport de\u00a0<a href=\"http:\/\/media.virbcdn.com\/files\/f3\/258948427a43aa98-rapport3sance1tourMaximeCornille20112017.pdf\">M. Rapha\u00ebl Dokhan<\/a>\u00a0lors du concours 2010-2011 sur le sujet\u00a0<strong><em>\u00ab\u00a0Le fait pour un salari\u00e9 d&rsquo;avoir, sous des pseudonymes f\u00e9minins, fait croire pendant plus d&rsquo;un an, avec son ordinateur professionnel et durant son temps de travail, \u00e0 l&rsquo;un de ses subordonn\u00e9s que celui-ci entretenait une relation amoureuse virtuelle avec deux femmes peut-il \u00e9chapper \u00e0 la qualification de faute grave au motif que ce fait rel\u00e8ve de la vie priv\u00e9e ?\u00a0\u00bb<\/em><\/strong><\/li><li>Rapport de\u00a0<a href=\"http:\/\/dl.dropbox.com\/u\/8461538\/Virb\/rapport-de-la-seance-par-clemence-hourdeaux_66.pdf\">M.\u00a0Hern de Qu\u00e9len<\/a>\u00a0lors du concours 2009-2010 sur le sujet\u00a0<strong><em>\u00ab\u00a0La fragrance d&rsquo;un parfum est-elle insusceptible d&rsquo;\u00eatre prot\u00e9g\u00e9e au titre des oeuvres de l&rsquo;esprit ?\u00a0\u00bb<\/em><\/strong><\/li><li>Rapport de\u00a0<a href=\"http:\/\/dl.dropbox.com\/u\/8461538\/Virb\/rapport-de-la-seance-par-clemence-hourdeaux_66.pdf\">Mme Cl\u00e9mence Hourdeaux<\/a>\u00a0lors du concours 2009-2010 sur le sujet\u00a0<strong><em>\u00ab\u00a0La majoration de la dur\u00e9e de l&rsquo;assurance vieillesse r\u00e9serv\u00e9e aux seules femmes ayant \u00e9lev\u00e9 un ou plusieurs enfants est-elle conforme \u00e0 l&rsquo;article 14 de la convention europ\u00e9enne des droits de l&rsquo;homme ?\u00a0\u00bb<\/em><\/strong><\/li><\/ul>\n","protected":false},"excerpt":{"rendered":"<p>Retrouvez sur cette page les&nbsp;rapports&nbsp;prononc\u00e9s par les Secr\u00e9taires lors des s\u00e9ances du 1er tour du concours de la Conf\u00e9rence : Rapport de M. Augustin de Cr\u00e9cy lors du concours 2024-2025 sur le sujet \u00ab L\u2019exercice de fonctions d&rsquo;enseignant en th\u00e9ologie et de th\u00e9ologien relevant du syst\u00e8me propre aux ministres du culte et de missions exclusivement &#8230; <a title=\"RAPPORTS DE SECR\u00c9TAIRES\" class=\"read-more\" href=\"https:\/\/conferencedustage-aac.com\/index.php\/rapports-de-secretaires\/\">Read more <span class=\"screen-reader-text\">RAPPORTS DE SECR\u00c9TAIRES<\/span><\/a><\/p>\n","protected":false},"author":1,"featured_media":0,"parent":0,"menu_order":0,"comment_status":"closed","ping_status":"closed","template":"","meta":[],"_links":{"self":[{"href":"https:\/\/conferencedustage-aac.com\/index.php\/wp-json\/wp\/v2\/pages\/69"}],"collection":[{"href":"https:\/\/conferencedustage-aac.com\/index.php\/wp-json\/wp\/v2\/pages"}],"about":[{"href":"https:\/\/conferencedustage-aac.com\/index.php\/wp-json\/wp\/v2\/types\/page"}],"author":[{"embeddable":true,"href":"https:\/\/conferencedustage-aac.com\/index.php\/wp-json\/wp\/v2\/users\/1"}],"replies":[{"embeddable":true,"href":"https:\/\/conferencedustage-aac.com\/index.php\/wp-json\/wp\/v2\/comments?post=69"}],"version-history":[{"count":21,"href":"https:\/\/conferencedustage-aac.com\/index.php\/wp-json\/wp\/v2\/pages\/69\/revisions"}],"predecessor-version":[{"id":1701,"href":"https:\/\/conferencedustage-aac.com\/index.php\/wp-json\/wp\/v2\/pages\/69\/revisions\/1701"}],"wp:attachment":[{"href":"https:\/\/conferencedustage-aac.com\/index.php\/wp-json\/wp\/v2\/media?parent=69"}],"curies":[{"name":"wp","href":"https:\/\/api.w.org\/{rel}","templated":true}]}}